{"id":5203,"date":"2021-05-24T05:37:47","date_gmt":"2021-05-24T05:37:47","guid":{"rendered":"http:\/\/vn-ssb.local\/?page_id=5203"},"modified":"2025-07-18T17:09:48","modified_gmt":"2025-07-18T17:09:48","slug":"about-seattle-sperm-donor","status":"publish","type":"page","link":"https:\/\/icelandspermbank.com\/is\/about-seattle-sperm-donor\/","title":{"rendered":"Um okkur"},"content":{"rendered":"<div class=\"gb-container gb-container-a3a135df header-internal-page\"><div class=\"gb-inside-container\">\n\n<h1 class=\"gb-headline gb-headline-819b9064 gb-headline-text\">Um okkur<\/h1>\n\n\n\n<h2 class=\"gb-headline gb-headline-5c5c4463 gb-headline-text\">Iceland Sperm Bank<\/h2>\n\n<\/div><\/div>\n\n<div class=\"gb-container gb-container-613ced2e\"><div class=\"gb-inside-container\">\n<div class=\"gb-grid-wrapper gb-grid-wrapper-362daeb1\">\n<div class=\"gb-grid-column gb-grid-column-afc3afdf\"><div class=\"gb-container gb-container-afc3afdf\"><div class=\"gb-inside-container\">\n\n<figure class=\"wp-block-image size-full blue-shadow image\"><img loading=\"lazy\" decoding=\"async\" width=\"1024\" height=\"1024\" src=\"https:\/\/icelandspermbank.com\/wp-content\/uploads\/sites\/9\/2025\/07\/SunnaDand_1-1024.webp\" alt=\"\" class=\"wp-image-6235\" srcset=\"https:\/\/icelandspermbank.com\/wp-content\/uploads\/sites\/9\/2025\/07\/SunnaDand_1-1024.webp 1024w, https:\/\/icelandspermbank.com\/wp-content\/uploads\/sites\/9\/2025\/07\/SunnaDand_1-1024-300x300.webp 300w, https:\/\/icelandspermbank.com\/wp-content\/uploads\/sites\/9\/2025\/07\/SunnaDand_1-1024-150x150.webp 150w, https:\/\/icelandspermbank.com\/wp-content\/uploads\/sites\/9\/2025\/07\/SunnaDand_1-1024-768x768.webp 768w\" sizes=\"auto, (max-width: 1024px) 100vw, 1024px\" \/><\/figure>\n\n<\/div><\/div><\/div>\n\n<div class=\"gb-grid-column gb-grid-column-27a0e383\"><div class=\"gb-container gb-container-27a0e383\"><div class=\"gb-inside-container\">\n\n<p class=\"gb-headline gb-headline-25158df7\"><span class=\"gb-icon\"><svg xmlns=\"http:\/\/www.w3.org\/2000\/svg\" viewbox=\"0 0 36.7 3\"><path d=\"M0 0h36.7v3H0z\"><\/path><\/svg><\/span><span class=\"gb-headline-text\">me\u00f0 \u00e1str\u00ed\u00f0u<\/span><\/p>\n\n\n\n<h2 class=\"gb-headline gb-headline-e923e090 gb-headline-text\">Vi\u00f0 elskum \u00fea\u00f0 sem vi\u00f0 gerum \u00e1 hverjum degi<\/h2>\n\n\n\n<p>Iceland Sperm Bank var stofna\u00f0ur me\u00f0 einf\u00f6ldu markmi\u00f0i: A\u00f0 hj\u00e1lpa til vi\u00f0 a\u00f0 skapa hamingjusamar og heilbrig\u00f0ar fj\u00f6lskyldur, a\u00f0 berjast alltaf fyrir vi\u00f0skiptavinum okkar og s\u00e6\u00f0isgj\u00f6fum og a\u00f0 ver\u00f0a lei\u00f0andi \u00ed heiminum \u00ed v\u00edsindalegum framf\u00f6rum \u00ed dreifingu s\u00e6\u00f0is.<\/p>\n\n\n\n<p>Vi\u00f0 vinnum n\u00e1i\u00f0 me\u00f0 \u00f6llum gj\u00f6fum okkar til a\u00f0 veita pers\u00f3nulega \u00fej\u00f3nustu sem sn\u00fdst um \u00feig, gjafann, sem einstakling. Reynslumiki\u00f0 teymi okkar mun tryggja \u00fe\u00e6gilega og j\u00e1kv\u00e6\u00f0a upplifun sem felur \u00ed s\u00e9r \u00edtarlega heilsufarssko\u00f0un vi\u00f0 upphaf \u00fe\u00e1ttt\u00f6ku \u00feinnar \u00ed \u00e1\u00e6tluninni, \u00e1samt \u00e1framhaldandi stu\u00f0ningi og \u00edtarlegri, h\u00e1\u00fer\u00f3a\u00f0ri erf\u00f0afr\u00e6\u00f0ilegri skimun.<\/p>\n\n<\/div><\/div><\/div>\n<\/div>\n<\/div><\/div>\n\n<div class=\"gb-container gb-container-5bfca8d8\"><div class=\"gb-inside-container\">\n<div class=\"gb-container gb-container-909704bc wrapper-full-width-cta-bar\"><div class=\"gb-inside-container\">\n<div class=\"gb-grid-wrapper gb-grid-wrapper-cef8b769\">\n<div class=\"gb-grid-column gb-grid-column-efdf00ad\"><div class=\"gb-container gb-container-efdf00ad\"><div class=\"gb-inside-container\">\n\n<h2 class=\"gb-headline gb-headline-079627d4\"><span class=\"gb-icon\"><svg height=\"100px\" width=\"100px\" fill=\"#FFFFFF\" xmlns=\"http:\/\/www.w3.org\/2000\/svg\" xmlns:xlink=\"http:\/\/www.w3.org\/1999\/xlink\" version=\"1.1\" x=\"0px\" y=\"0px\" viewbox=\"0 0 38 38\" xml:space=\"preserve\"><path d=\"M22.66,14.128c-0.098-0.16-0.275-0.243-0.46-0.24c-0.187,0.012-0.351,0.127-0.426,0.297l-1.057,2.4l-1.237-4.336  c-0.063-0.221-0.269-0.389-0.498-0.361c-0.229,0.008-0.424,0.171-0.472,0.396l-1.2,5.689l-1.063-3.725  c-0.054-0.19-0.217-0.332-0.414-0.357c-0.192-0.026-0.391,0.065-0.494,0.236l-1.471,2.427h-1.904v1h2.186  c0.175,0,0.337-0.091,0.428-0.241l1.022-1.688l1.302,4.563c0.062,0.215,0.258,0.363,0.48,0.363c0.006,0,0.012,0,0.018-0.001  c0.229-0.008,0.424-0.171,0.472-0.396l1.2-5.69l1.064,3.729c0.058,0.202,0.236,0.347,0.446,0.361  c0.201,0.002,0.406-0.105,0.492-0.297l1.228-2.79l1.121,1.847c0.091,0.15,0.253,0.241,0.428,0.241h2.184v-1h-1.902L22.66,14.128z\"><\/path><path d=\"M27.36,5.784h-2.745v-2.6c0-0.277-0.224-0.5-0.5-0.5h-10.23c-0.276,0-0.5,0.223-0.5,0.5v2.6H10.64  c-1.728,0-3.134,1.405-3.134,3.133v23.266c0,1.728,1.406,3.133,3.134,3.133h16.72c1.728,0,3.134-1.405,3.134-3.133V8.917  C30.494,7.189,29.087,5.784,27.36,5.784z M14.384,3.685h9.23v5.354h-9.23V3.685z M29.494,32.183c0,1.176-0.957,2.133-2.134,2.133  H10.64c-1.177,0-2.134-0.957-2.134-2.133V8.917c0-1.176,0.957-2.133,2.134-2.133h2.744v2.754c0,0.277,0.224,0.5,0.5,0.5h10.23  c0.276,0,0.5-0.223,0.5-0.5V6.784h2.745c1.177,0,2.134,0.957,2.134,2.133V32.183z\"><\/path><path d=\"M19,4.142c-1.224,0-2.22,0.996-2.22,2.22s0.996,2.22,2.22,2.22s2.22-0.996,2.22-2.22S20.223,4.142,19,4.142z M19,7.581  c-0.673,0-1.22-0.547-1.22-1.22s0.547-1.22,1.22-1.22s1.22,0.547,1.22,1.22S19.672,7.581,19,7.581z\"><\/path><rect x=\"11.964\" y=\"21.787\" width=\"14.07\" height=\"1\"><\/rect><rect x=\"11.964\" y=\"25.77\" width=\"14.07\" height=\"1\"><\/rect><rect x=\"11.964\" y=\"29.752\" width=\"14.07\" height=\"1\"><\/rect><\/svg><\/span><span class=\"gb-headline-text\">Tilb\u00fainn a\u00f0 gerast s\u00e6\u00f0isgjafi? <br>Byrja\u00f0u ums\u00f3kn \u00fe\u00edna \u00e1 netinu \u00ed dag!<\/span><\/h2>\n\n\n\n<p class=\"has-text-align-center has-white-color has-text-color\">Ef \u00fe\u00fa hefur einhverjar spurningar, vinsamlegast haf\u00f0u samband vi\u00f0 okkur \u00e1&nbsp;<a href=\"mailto:donor@icelandspermbank.com\">gjafi@icelandspermbank.com<\/a>.<\/p>\n\n<\/div><\/div><\/div>\n\n<div class=\"gb-grid-column gb-grid-column-78732d75\"><div class=\"gb-container gb-container-78732d75\"><div class=\"gb-inside-container\">\n<div class=\"gb-button-wrapper gb-button-wrapper-c61aaad1\">\n\n<a class=\"gb-button gb-button-befc9dcb button\" href=\"https:\/\/icelandspermbank.com\/is\/apply\/\"><span class=\"gb-button-text\">Smelltu h\u00e9r til a\u00f0 byrja<\/span><span class=\"gb-icon\"><svg aria-hidden=\"true\" role=\"img\" height=\"1em\" width=\"1em\" viewbox=\"0 0 256 512\" xmlns=\"http:\/\/www.w3.org\/2000\/svg\"><path fill=\"currentColor\" d=\"M224.3 273l-136 136c-9.4 9.4-24.6 9.4-33.9 0l-22.6-22.6c-9.4-9.4-9.4-24.6 0-33.9l96.4-96.4-96.4-96.4c-9.4-9.4-9.4-24.6 0-33.9L54.3 103c9.4-9.4 24.6-9.4 33.9 0l136 136c9.5 9.4 9.5 24.6.1 34z\"><\/path><\/svg><\/span><\/a>\n\n<\/div>\n<\/div><\/div><\/div>\n<\/div>\n<\/div><\/div>\n<\/div><\/div>\n\n\n<div style=\"height:50px\" aria-hidden=\"true\" class=\"wp-block-spacer\"><\/div>","protected":false},"excerpt":{"rendered":"<p>About Us Iceland Sperm Bank<\/p>","protected":false},"author":6,"featured_media":0,"parent":0,"menu_order":0,"comment_status":"closed","ping_status":"closed","template":"","meta":{"footnotes":""},"class_list":["post-5203","page","type-page","status-publish"],"yoast_head":"<!-- This site is optimized with the Yoast SEO plugin v25.3 - https:\/\/yoast.com\/wordpress\/plugins\/seo\/ -->\n<title>Make a difference in a woman&#039;s life - Seattle Sperm Donor<\/title>\n<meta name=\"description\" content=\"One of the world&#039;s leading reproductive tissue banks, Seattle Sperm Bank, is conveniently located just next to the University of Washington Campus.\" \/>\n<meta name=\"robots\" content=\"index, follow, max-snippet:-1, max-image-preview:large, max-video-preview:-1\" \/>\n<link rel=\"canonical\" href=\"https:\/\/icelandspermbank.com\/is\/about-seattle-sperm-donor\/\" \/>\n<meta property=\"og:locale\" content=\"is_IS\" \/>\n<meta property=\"og:type\" content=\"article\" \/>\n<meta property=\"og:title\" content=\"Make a difference in a woman&#039;s life - Seattle Sperm Donor\" \/>\n<meta property=\"og:description\" content=\"One of the world&#039;s leading reproductive tissue banks, Seattle Sperm Bank, is conveniently located just next to the University of Washington Campus.\" \/>\n<meta property=\"og:url\" content=\"https:\/\/icelandspermbank.com\/is\/about-seattle-sperm-donor\/\" \/>\n<meta property=\"og:site_name\" content=\"Iceland Sperm Bank\" \/>\n<meta property=\"article:publisher\" content=\"https:\/\/www.facebook.com\/seattlespermdonor\/\" \/>\n<meta property=\"article:modified_time\" content=\"2025-07-18T17:09:48+00:00\" \/>\n<meta property=\"og:image\" content=\"https:\/\/icelandspermbank.com\/wp-content\/uploads\/sites\/9\/2025\/07\/SunnaDand_1-1024.webp\" \/>\n\t<meta property=\"og:image:width\" content=\"1024\" \/>\n\t<meta property=\"og:image:height\" content=\"1024\" \/>\n\t<meta property=\"og:image:type\" content=\"image\/webp\" \/>\n<meta name=\"twitter:card\" content=\"summary_large_image\" \/>\n<meta name=\"twitter:label1\" content=\"Est. reading time\" \/>\n\t<meta name=\"twitter:data1\" content=\"1 minute\" \/>\n<script type=\"application\/ld+json\" class=\"yoast-schema-graph\">{\"@context\":\"https:\/\/schema.org\",\"@graph\":[{\"@type\":\"WebPage\",\"@id\":\"https:\/\/icelandspermbank.com\/about-seattle-sperm-donor\/\",\"url\":\"https:\/\/icelandspermbank.com\/about-seattle-sperm-donor\/\",\"name\":\"Make a difference in a woman's life - Seattle Sperm Donor\",\"isPartOf\":{\"@id\":\"https:\/\/icelandspermbank.com\/#website\"},\"primaryImageOfPage\":{\"@id\":\"https:\/\/icelandspermbank.com\/about-seattle-sperm-donor\/#primaryimage\"},\"image\":{\"@id\":\"https:\/\/icelandspermbank.com\/about-seattle-sperm-donor\/#primaryimage\"},\"thumbnailUrl\":\"https:\/\/icelandspermbank.com\/wp-content\/uploads\/sites\/9\/2025\/07\/SunnaDand_1-1024.webp\",\"datePublished\":\"2021-05-24T05:37:47+00:00\",\"dateModified\":\"2025-07-18T17:09:48+00:00\",\"description\":\"One of the world's leading reproductive tissue banks, Seattle Sperm Bank, is conveniently located just next to the University of Washington Campus.\",\"breadcrumb\":{\"@id\":\"https:\/\/icelandspermbank.com\/about-seattle-sperm-donor\/#breadcrumb\"},\"inLanguage\":\"is\",\"potentialAction\":[{\"@type\":\"ReadAction\",\"target\":[\"https:\/\/icelandspermbank.com\/about-seattle-sperm-donor\/\"]}]},{\"@type\":\"ImageObject\",\"inLanguage\":\"is\",\"@id\":\"https:\/\/icelandspermbank.com\/about-seattle-sperm-donor\/#primaryimage\",\"url\":\"https:\/\/icelandspermbank.com\/wp-content\/uploads\/sites\/9\/2025\/07\/SunnaDand_1-1024.webp\",\"contentUrl\":\"https:\/\/icelandspermbank.com\/wp-content\/uploads\/sites\/9\/2025\/07\/SunnaDand_1-1024.webp\"},{\"@type\":\"BreadcrumbList\",\"@id\":\"https:\/\/icelandspermbank.com\/about-seattle-sperm-donor\/#breadcrumb\",\"itemListElement\":[{\"@type\":\"ListItem\",\"position\":1,\"name\":\"Home\",\"item\":\"https:\/\/icelandspermbank.com\/\"},{\"@type\":\"ListItem\",\"position\":2,\"name\":\"About Us\"}]},{\"@type\":\"WebSite\",\"@id\":\"https:\/\/icelandspermbank.com\/#website\",\"url\":\"https:\/\/icelandspermbank.com\/\",\"name\":\"Iceland Sperm Bank\",\"description\":\"Become a Sperm Donor in Iceland\",\"publisher\":{\"@id\":\"https:\/\/icelandspermbank.com\/#organization\"},\"potentialAction\":[{\"@type\":\"SearchAction\",\"target\":{\"@type\":\"EntryPoint\",\"urlTemplate\":\"https:\/\/icelandspermbank.com\/?s={search_term_string}\"},\"query-input\":{\"@type\":\"PropertyValueSpecification\",\"valueRequired\":true,\"valueName\":\"search_term_string\"}}],\"inLanguage\":\"is\"},{\"@type\":\"Organization\",\"@id\":\"https:\/\/icelandspermbank.com\/#organization\",\"name\":\"Seattle Sperm Donor\",\"url\":\"https:\/\/icelandspermbank.com\/\",\"logo\":{\"@type\":\"ImageObject\",\"inLanguage\":\"is\",\"@id\":\"https:\/\/icelandspermbank.com\/#\/schema\/logo\/image\/\",\"url\":\"https:\/\/icelandspermbank.com\/wp-content\/uploads\/sites\/9\/2021\/04\/logo-ssb.png\",\"contentUrl\":\"https:\/\/icelandspermbank.com\/wp-content\/uploads\/sites\/9\/2021\/04\/logo-ssb.png\",\"width\":221,\"height\":96,\"caption\":\"Seattle Sperm Donor\"},\"image\":{\"@id\":\"https:\/\/icelandspermbank.com\/#\/schema\/logo\/image\/\"},\"sameAs\":[\"https:\/\/www.facebook.com\/seattlespermdonor\/\",\"https:\/\/www.instagram.com\/seattlespermdonor\/\"]}]}<\/script>\n<!-- \/ Yoast SEO plugin. -->","yoast_head_json":{"title":"Make a difference in a woman's life - Seattle Sperm Donor","description":"One of the world's leading reproductive tissue banks, Seattle Sperm Bank, is conveniently located just next to the University of Washington Campus.","robots":{"index":"index","follow":"follow","max-snippet":"max-snippet:-1","max-image-preview":"max-image-preview:large","max-video-preview":"max-video-preview:-1"},"canonical":"https:\/\/icelandspermbank.com\/is\/about-seattle-sperm-donor\/","og_locale":"is_IS","og_type":"article","og_title":"Make a difference in a woman's life - Seattle Sperm Donor","og_description":"One of the world's leading reproductive tissue banks, Seattle Sperm Bank, is conveniently located just next to the University of Washington Campus.","og_url":"https:\/\/icelandspermbank.com\/is\/about-seattle-sperm-donor\/","og_site_name":"Iceland Sperm Bank","article_publisher":"https:\/\/www.facebook.com\/seattlespermdonor\/","article_modified_time":"2025-07-18T17:09:48+00:00","og_image":[{"width":1024,"height":1024,"url":"https:\/\/icelandspermbank.com\/wp-content\/uploads\/sites\/9\/2025\/07\/SunnaDand_1-1024.webp","type":"image\/webp"}],"twitter_card":"summary_large_image","twitter_misc":{"Est. reading time":"1 minute"},"schema":{"@context":"https:\/\/schema.org","@graph":[{"@type":"WebPage","@id":"https:\/\/icelandspermbank.com\/about-seattle-sperm-donor\/","url":"https:\/\/icelandspermbank.com\/about-seattle-sperm-donor\/","name":"Make a difference in a woman's life - Seattle Sperm Donor","isPartOf":{"@id":"https:\/\/icelandspermbank.com\/#website"},"primaryImageOfPage":{"@id":"https:\/\/icelandspermbank.com\/about-seattle-sperm-donor\/#primaryimage"},"image":{"@id":"https:\/\/icelandspermbank.com\/about-seattle-sperm-donor\/#primaryimage"},"thumbnailUrl":"https:\/\/icelandspermbank.com\/wp-content\/uploads\/sites\/9\/2025\/07\/SunnaDand_1-1024.webp","datePublished":"2021-05-24T05:37:47+00:00","dateModified":"2025-07-18T17:09:48+00:00","description":"One of the world's leading reproductive tissue banks, Seattle Sperm Bank, is conveniently located just next to the University of Washington Campus.","breadcrumb":{"@id":"https:\/\/icelandspermbank.com\/about-seattle-sperm-donor\/#breadcrumb"},"inLanguage":"is","potentialAction":[{"@type":"ReadAction","target":["https:\/\/icelandspermbank.com\/about-seattle-sperm-donor\/"]}]},{"@type":"ImageObject","inLanguage":"is","@id":"https:\/\/icelandspermbank.com\/about-seattle-sperm-donor\/#primaryimage","url":"https:\/\/icelandspermbank.com\/wp-content\/uploads\/sites\/9\/2025\/07\/SunnaDand_1-1024.webp","contentUrl":"https:\/\/icelandspermbank.com\/wp-content\/uploads\/sites\/9\/2025\/07\/SunnaDand_1-1024.webp"},{"@type":"BreadcrumbList","@id":"https:\/\/icelandspermbank.com\/about-seattle-sperm-donor\/#breadcrumb","itemListElement":[{"@type":"ListItem","position":1,"name":"Home","item":"https:\/\/icelandspermbank.com\/"},{"@type":"ListItem","position":2,"name":"About Us"}]},{"@type":"WebSite","@id":"https:\/\/icelandspermbank.com\/#website","url":"https:\/\/icelandspermbank.com\/","name":"Iceland Sperm Bank","description":"Become a Sperm Donor in Iceland","publisher":{"@id":"https:\/\/icelandspermbank.com\/#organization"},"potentialAction":[{"@type":"SearchAction","target":{"@type":"EntryPoint","urlTemplate":"https:\/\/icelandspermbank.com\/?s={search_term_string}"},"query-input":{"@type":"PropertyValueSpecification","valueRequired":true,"valueName":"search_term_string"}}],"inLanguage":"is"},{"@type":"Organization","@id":"https:\/\/icelandspermbank.com\/#organization","name":"Seattle Sperm Donor","url":"https:\/\/icelandspermbank.com\/","logo":{"@type":"ImageObject","inLanguage":"is","@id":"https:\/\/icelandspermbank.com\/#\/schema\/logo\/image\/","url":"https:\/\/icelandspermbank.com\/wp-content\/uploads\/sites\/9\/2021\/04\/logo-ssb.png","contentUrl":"https:\/\/icelandspermbank.com\/wp-content\/uploads\/sites\/9\/2021\/04\/logo-ssb.png","width":221,"height":96,"caption":"Seattle Sperm Donor"},"image":{"@id":"https:\/\/icelandspermbank.com\/#\/schema\/logo\/image\/"},"sameAs":["https:\/\/www.facebook.com\/seattlespermdonor\/","https:\/\/www.instagram.com\/seattlespermdonor\/"]}]}},"_links":{"self":[{"href":"https:\/\/icelandspermbank.com\/is\/wp-json\/wp\/v2\/pages\/5203","targetHints":{"allow":["GET"]}}],"collection":[{"href":"https:\/\/icelandspermbank.com\/is\/wp-json\/wp\/v2\/pages"}],"about":[{"href":"https:\/\/icelandspermbank.com\/is\/wp-json\/wp\/v2\/types\/page"}],"author":[{"embeddable":true,"href":"https:\/\/icelandspermbank.com\/is\/wp-json\/wp\/v2\/users\/6"}],"replies":[{"embeddable":true,"href":"https:\/\/icelandspermbank.com\/is\/wp-json\/wp\/v2\/comments?post=5203"}],"version-history":[{"count":24,"href":"https:\/\/icelandspermbank.com\/is\/wp-json\/wp\/v2\/pages\/5203\/revisions"}],"predecessor-version":[{"id":6236,"href":"https:\/\/icelandspermbank.com\/is\/wp-json\/wp\/v2\/pages\/5203\/revisions\/6236"}],"wp:attachment":[{"href":"https:\/\/icelandspermbank.com\/is\/wp-json\/wp\/v2\/media?parent=5203"}],"curies":[{"name":"wp","href":"https:\/\/api.w.org\/{rel}","templated":true}]}}