{"id":4966,"date":"2021-05-21T05:56:03","date_gmt":"2021-05-21T05:56:03","guid":{"rendered":"http:\/\/vn-ssb.local\/?page_id=4966"},"modified":"2025-09-08T15:51:39","modified_gmt":"2025-09-08T15:51:39","slug":"sperm-donor-faq","status":"publish","type":"page","link":"https:\/\/icelandspermbank.com\/is\/sperm-donor-faq\/","title":{"rendered":"Algengar spurningar"},"content":{"rendered":"<div class=\"gb-container gb-container-64391086\"><div class=\"gb-inside-container\">\n<div class=\"gb-grid-wrapper gb-grid-wrapper-2c976c28\">\n<div class=\"gb-grid-column gb-grid-column-d6829c80\"><div class=\"gb-container gb-container-d6829c80\"><div class=\"gb-inside-container\">\n\n<p class=\"gb-headline gb-headline-0c5975bd\"><span class=\"gb-icon\"><svg xmlns=\"http:\/\/www.w3.org\/2000\/svg\" viewbox=\"0 0 36.7 3\"><path d=\"M0 0h36.7v3H0z\"><\/path><\/svg><\/span><span class=\"gb-headline-text\">Algengar spurningar:<\/span><\/p>\n\n\n\n<h1 class=\"gb-headline gb-headline-9ac69393 gb-headline-text subtle-heading\">A\u00f0 ver\u00f0a s\u00e6\u00f0isgjafi<\/h1>\n\n\n\n<p>Hj\u00e1 S\u00e6\u00f0isbankanum gerum vi\u00f0 s\u00e6\u00f0isgj\u00f6f a\u00f0 \u00fe\u00e6gilegri, \u00fe\u00e6gilegri og gefandi upplifun. Vi\u00f0 vitum a\u00f0 \u00fe\u00fa hefur spurningar um ferli\u00f0 og vi\u00f0 erum h\u00e9r til a\u00f0 lei\u00f0beina \u00fe\u00e9r \u00ed gegnum ferli\u00f0. H\u00e9r a\u00f0 ne\u00f0an eru sv\u00f6r vi\u00f0 nokkrum algengum spurningum. Ef \u00fe\u00fa hefur frekari spurningar skaltu ekki hika vi\u00f0 a\u00f0 hafa samband vi\u00f0 okkur.<\/p>\n\n<\/div><\/div><\/div>\n<\/div>\n<\/div><\/div>\n\n<div class=\"gb-container gb-container-9a7e6420\"><div class=\"gb-inside-container\">\n\n<div class=\"wp-block-pb-accordion-item c-accordion__item js-accordion-item no-js\" data-initially-open=\"false\" data-click-to-close=\"true\" data-auto-close=\"true\" data-scroll=\"false\" data-scroll-offset=\"0\"><h3 id=\"at-49660\" class=\"c-accordion__title js-accordion-controller\" role=\"button\">Af hverju a\u00f0 gefa?<\/h3><div id=\"ac-49660\" class=\"c-accordion__content\">\n<p>A\u00f0 gefa s\u00e6\u00f0i er au\u00f0velt, \u00fe\u00e6gilegt og gefandi. \u00dea\u00f0 er lei\u00f0 fyrir \u00feig til a\u00f0 afla \u00fe\u00e9r auka tekna og f\u00e1 \u00f3keypis l\u00e6knisa\u00f0sto\u00f0, en jafnframt a\u00f0 hj\u00e1lpa einhverjum a\u00f0 l\u00e1ta \u00e6vilanga drauminn um a\u00f0 stofna fj\u00f6lskyldu r\u00e6tast. Sumir af \u00e1vinningnum eru me\u00f0al annars:<\/p>\n\n\n\n<ul class=\"wp-block-list\">\n<li>\u00d3keypis kynsj\u00fakd\u00f3ma- og erf\u00f0apr\u00f3f<\/li>\n\n\n\n<li>\u00d3keypis l\u00e6knissko\u00f0un hj\u00e1 l\u00e6kninum okkar<\/li>\n<\/ul>\n<\/div><\/div>\n\n\n\n<div class=\"wp-block-pb-accordion-item c-accordion__item js-accordion-item no-js\" data-initially-open=\"false\" data-click-to-close=\"true\" data-auto-close=\"true\" data-scroll=\"false\" data-scroll-offset=\"0\"><h3 id=\"at-49661\" class=\"c-accordion__title js-accordion-controller\" role=\"button\">Hvernig get \u00e9g or\u00f0i\u00f0 gjafari?<\/h3><div id=\"ac-49661\" class=\"c-accordion__content\">\n<p>Allir heilbrig\u00f0ir karlar \u00e1 aldrinum 21 til 39 \u00e1ra geta or\u00f0i\u00f0 s\u00e6\u00f0isgjafar hj\u00e1 S\u00e6\u00f0isbankanum ef \u00feeir uppfylla \u00e1kve\u00f0in l\u00edkamleg og s\u00e1lfr\u00e6\u00f0ileg skilyr\u00f0i. Smelltu \u00e1 fyrirs\u00f6gnina til a\u00f0 lesa meira um skrefin sem \u00fearf til a\u00f0 gerast s\u00e6\u00f0isgjafi hj\u00e1 S\u00e6\u00f0isbankanum.<\/p>\n<\/div><\/div>\n\n\n\n<div class=\"wp-block-pb-accordion-item c-accordion__item js-accordion-item no-js\" data-initially-open=\"false\" data-click-to-close=\"true\" data-auto-close=\"true\" data-scroll=\"false\" data-scroll-offset=\"0\"><h3 id=\"at-49663\" class=\"c-accordion__title js-accordion-controller\" role=\"button\">Hverjar eru kr\u00f6furnar til a\u00f0 gerast gjafari?<\/h3><div id=\"ac-49663\" class=\"c-accordion__content\">\n<p>\u00de\u00fa ver\u00f0ur a\u00f0 vera \u00e1 aldrinum 18 til 39 \u00e1ra og almennt vi\u00f0 g\u00f3\u00f0a heilsu. \u00de\u00fa ver\u00f0ur a\u00f0 geta gefi\u00f0 bl\u00f3\u00f0 einu sinni til \u00ferisvar \u00ed viku \u00e1 ranns\u00f3knarstofu okkar.<\/p>\n<\/div><\/div>\n\n\n\n<div class=\"wp-block-pb-accordion-item c-accordion__item js-accordion-item no-js\" data-initially-open=\"false\" data-click-to-close=\"true\" data-auto-close=\"true\" data-scroll=\"false\" data-scroll-offset=\"0\"><h3 id=\"at-49664\" class=\"c-accordion__title js-accordion-controller\" role=\"button\">Hva\u00f0 gerist \u00ed skimunart\u00edmanum?<\/h3><div id=\"ac-49664\" class=\"c-accordion__content\">\n<p>\u00cd skimuninni munt \u00fe\u00fa leggja fram upphafss\u00fdni til greiningar og fylla \u00fat stuttan spurningalista.<\/p>\n<\/div><\/div>\n\n\n\n<div class=\"wp-block-pb-accordion-item c-accordion__item js-accordion-item no-js\" data-initially-open=\"false\" data-click-to-close=\"true\" data-auto-close=\"true\" data-scroll=\"false\" data-scroll-offset=\"0\"><h3 id=\"at-49665\" class=\"c-accordion__title js-accordion-controller\" role=\"button\">Hvernig f\u00e6 \u00e9g greitt fyrir framlag mitt?<\/h3><div id=\"ac-49665\" class=\"c-accordion__content\">\n<p>\u00deegar \u00fe\u00fa hefur sta\u00f0ist l\u00e6knissko\u00f0unina getur\u00f0u byrja\u00f0 a\u00f0 gefa s\u00e6\u00f0i. \u00de\u00f3 a\u00f0 l\u00e6knar okkar \u00feurfi a\u00f0 sam\u00feykkja hverja s\u00e6\u00f0isgj\u00f6f til \u00feess a\u00f0 \u00fe\u00fa f\u00e1ir greitt, \u00fe\u00e1 er sam\u00feykkishlutfall okkar h\u00e6rra en 90%. \u00deegar \u00fe\u00fa hefur veri\u00f0 sam\u00feykkt(ur) \u00ed gjafa\u00e1\u00e6tlun okkar munt \u00fe\u00fa byrja a\u00f0 f\u00e1 grei\u00f0slur.<\/p>\n<\/div><\/div>\n\n\n\n<div class=\"wp-block-pb-accordion-item c-accordion__item js-accordion-item no-js\" data-initially-open=\"false\" data-click-to-close=\"true\" data-auto-close=\"true\" data-scroll=\"false\" data-scroll-offset=\"0\"><h3 id=\"at-49666\" class=\"c-accordion__title js-accordion-controller\" role=\"button\">Hversu oft get \u00e9g gefi\u00f0?<\/h3><div id=\"ac-49666\" class=\"c-accordion__content\">\n<p>\u00dea\u00f0 fer eftir g\u00e6\u00f0um s\u00fdnisins, en a\u00f0 me\u00f0altali bj\u00f3\u00f0a gjafar upp \u00e1 6 til 10 s\u00fdni \u00e1 m\u00e1nu\u00f0i. Vi\u00f0 bi\u00f0jum \u00feig um a\u00f0 skuldbinda \u00feig til a\u00f0 gefa a\u00f0 minnsta kosti eitt s\u00fdni \u00e1 viku.<\/p>\n<\/div><\/div>\n\n\n\n<div class=\"wp-block-pb-accordion-item c-accordion__item js-accordion-item no-js\" data-initially-open=\"false\" data-click-to-close=\"true\" data-auto-close=\"true\" data-scroll=\"false\" data-scroll-offset=\"0\"><h3 id=\"at-49667\" class=\"c-accordion__title js-accordion-controller\" role=\"button\">\u00dearf \u00e9g a\u00f0 for\u00f0ast kynl\u00edf milli gjafa? Og ef svo er, hversu lengi?<\/h3><div id=\"ac-49667\" class=\"c-accordion__content\">\n<p>\u00de\u00fa \u00e6ttir a\u00f0 halda \u00feig fr\u00e1 \u00fev\u00ed \u00ed a\u00f0 minnsta kosti 48 klukkustundir fyrir bl\u00f3\u00f0gj\u00f6f til a\u00f0 f\u00e1 s\u00fdni me\u00f0 kj\u00f6rsv\u00f6run \u00ed s\u00e6\u00f0isfrumum.<\/p>\n<\/div><\/div>\n\n\n\n<div class=\"wp-block-pb-accordion-item c-accordion__item js-accordion-item no-js\" data-initially-open=\"false\" data-click-to-close=\"true\" data-auto-close=\"true\" data-scroll=\"false\" data-scroll-offset=\"0\"><h3 id=\"at-49668\" class=\"c-accordion__title js-accordion-controller\" role=\"button\">Hversu langan t\u00edma tekur \u00fea\u00f0 ykkur a\u00f0 sam\u00feykkja s\u00e6\u00f0isgjafa?<\/h3><div id=\"ac-49668\" class=\"c-accordion__content\">\n<p>\u00dea\u00f0 tekur venjulega eina til \u00ferj\u00e1r vikur. Ferli\u00f0 felur \u00ed s\u00e9r upphaflega skimun s\u00fdna, l\u00edkamssko\u00f0un, spurningar um heilsufarss\u00f6gu fj\u00f6lskyldunnar og bl\u00f3\u00f0- og \u00fevagprufur.<\/p>\n<\/div><\/div>\n\n\n\n<div class=\"wp-block-pb-accordion-item c-accordion__item js-accordion-item no-js\" data-initially-open=\"false\" data-click-to-close=\"true\" data-auto-close=\"true\" data-scroll=\"false\" data-scroll-offset=\"0\"><h3 id=\"at-49669\" class=\"c-accordion__title js-accordion-controller\" role=\"button\">Af hverju spyr\u00f0u um h\u00e6\u00f0 m\u00edna, \u00feyngd, \u00fej\u00f3\u00f0erni og starf?<\/h3><div id=\"ac-49669\" class=\"c-accordion__content\">\n<p>\u00deessar uppl\u00fdsingar hj\u00e1lpa okkur a\u00f0 finna r\u00e9tta s\u00e6\u00f0isgj\u00f6f fyrir fj\u00f6lskyldur \u00ed Bandar\u00edkjunum, Kanada, \u00c1stral\u00edu og Evr\u00f3pusambandinu. Vi\u00f0 h\u00f6fum n\u00fa bi\u00f0lista fyrir \u00fe\u00e1 sem leita a\u00f0 s\u00e6\u00f0isgjafa. Vi\u00f0 hvetjum heilbrig\u00f0a karla \u00e1 aldrinum 18 til 39 \u00e1ra af \u00f6llum \u00fej\u00f3\u00f0erni til a\u00f0 \u00edhuga a\u00f0 gefa s\u00e6\u00f0i.<\/p>\n<\/div><\/div>\n\n\n\n<div class=\"wp-block-pb-accordion-item c-accordion__item js-accordion-item no-js\" data-initially-open=\"false\" data-click-to-close=\"true\" data-auto-close=\"true\" data-scroll=\"false\" data-scroll-offset=\"0\"><h3 id=\"at-496612\" class=\"c-accordion__title js-accordion-controller\" role=\"button\">Ver\u00f0ur gjafas\u00e6\u00f0i mitt nota\u00f0 til s\u00e6\u00f0ingar \u00e1 \u00cdslandi?<\/h3><div id=\"ac-496612\" class=\"c-accordion__content\">\n<p>Nei, \u00feessar framl\u00f6g eru eing\u00f6ngu til al\u00fej\u00f3\u00f0legra nota. Framl\u00f6g \u00fe\u00edn ver\u00f0a ekki notu\u00f0 til s\u00e6\u00f0ingar \u00e1 \u00cdslandi.<\/p>\n<\/div><\/div>\n\n<\/div><\/div>\n\n<div class=\"gb-container gb-container-1219f912\"><div class=\"gb-inside-container\">\n<div class=\"gb-grid-wrapper gb-grid-wrapper-252ec53a\">\n<div class=\"gb-grid-column gb-grid-column-9e976d0b\"><div class=\"gb-container gb-container-9e976d0b\"><div class=\"gb-inside-container\">\n\n<figure class=\"wp-block-image size-large blue-shadow img\"><img loading=\"lazy\" decoding=\"async\" width=\"600\" height=\"450\" src=\"https:\/\/icelandspermbank.com\/wp-content\/uploads\/sites\/9\/2020\/11\/jose-carlos-ichiro-6HLIXdWkG-U-unsplash.jpg\" alt=\"\" class=\"wp-image-4523\" srcset=\"https:\/\/icelandspermbank.com\/wp-content\/uploads\/sites\/9\/2020\/11\/jose-carlos-ichiro-6HLIXdWkG-U-unsplash.jpg 600w, https:\/\/icelandspermbank.com\/wp-content\/uploads\/sites\/9\/2020\/11\/jose-carlos-ichiro-6HLIXdWkG-U-unsplash-300x225.jpg 300w\" sizes=\"auto, (max-width: 600px) 100vw, 600px\" \/><\/figure>\n\n<\/div><\/div><\/div>\n\n<div class=\"gb-grid-column gb-grid-column-1ca9a559\"><div class=\"gb-container gb-container-1ca9a559\"><div class=\"gb-inside-container\">\n\n<p class=\"gb-headline gb-headline-a2313243\"><span class=\"gb-icon\"><svg xmlns=\"http:\/\/www.w3.org\/2000\/svg\" viewbox=\"0 0 36.7 3\"><path d=\"M0 0h36.7v3H0z\"><\/path><\/svg><\/span><span class=\"gb-headline-text\">S\u00e6kja um \u00ed dag<\/span><\/p>\n\n\n\n<h2 class=\"gb-headline gb-headline-aea1b62d gb-headline-text\">Einfalt, ekki satt? Byrjum! <\/h2>\n\n\n\n<p>Vi\u00f0 vinnum n\u00e1i\u00f0 me\u00f0 \u00f6llum gj\u00f6fum okkar til a\u00f0 veita pers\u00f3nulega \u00fej\u00f3nustu sem sn\u00fdst um \u00feig, gjafann, sem einstakling. Reynslumiki\u00f0 teymi okkar mun tryggja \u00fe\u00e6gilega og j\u00e1kv\u00e6\u00f0a upplifun sem felur \u00ed s\u00e9r \u00edtarlega heilsufarssko\u00f0un vi\u00f0 upphaf \u00fe\u00e1ttt\u00f6ku \u00feinnar \u00ed \u00e1\u00e6tluninni, \u00e1samt \u00e1framhaldandi stu\u00f0ningi og \u00edtarlegri, h\u00e1\u00fer\u00f3a\u00f0ri erf\u00f0afr\u00e6\u00f0ilegri skimun.<\/p>\n\n\n<div class=\"gb-button-wrapper gb-button-wrapper-e1516a51\">\n\n<a class=\"gb-button gb-button-ea78ee26 gb-button-text button orange\" href=\"https:\/\/icelandspermbank.com\/is\/apply\/\">S\u00e6kja um \u00e1 netinu<\/a>\n\n<\/div>\n<\/div><\/div><\/div>\n<\/div>\n<\/div><\/div>\n\n\n<div style=\"height:70px\" aria-hidden=\"true\" class=\"wp-block-spacer\"><\/div>","protected":false},"excerpt":{"rendered":"","protected":false},"author":6,"featured_media":0,"parent":0,"menu_order":0,"comment_status":"closed","ping_status":"closed","template":"","meta":{"footnotes":""},"class_list":["post-4966","page","type-page","status-publish"],"yoast_head":"<!-- This site is optimized with the Yoast SEO plugin v25.3 - https:\/\/yoast.com\/wordpress\/plugins\/seo\/ -->\n<title>Frequently Asked Questions - Seattle Sperm Donor<\/title>\n<meta name=\"description\" content=\"Do you have question about being a Sperm Donor? We have answers.\" \/>\n<meta name=\"robots\" content=\"index, follow, max-snippet:-1, max-image-preview:large, max-video-preview:-1\" \/>\n<link rel=\"canonical\" href=\"https:\/\/icelandspermbank.com\/is\/sperm-donor-faq\/\" \/>\n<meta property=\"og:locale\" content=\"is_IS\" \/>\n<meta property=\"og:type\" content=\"article\" \/>\n<meta property=\"og:title\" content=\"Frequently Asked Questions - Seattle Sperm Donor\" \/>\n<meta property=\"og:description\" content=\"Do you have question about being a Sperm Donor? We have answers.\" \/>\n<meta property=\"og:url\" content=\"https:\/\/icelandspermbank.com\/is\/sperm-donor-faq\/\" \/>\n<meta property=\"og:site_name\" content=\"Iceland Sperm Bank\" \/>\n<meta property=\"article:publisher\" content=\"https:\/\/www.facebook.com\/seattlespermdonor\/\" \/>\n<meta property=\"article:modified_time\" content=\"2025-09-08T15:51:39+00:00\" \/>\n<meta property=\"og:image\" content=\"https:\/\/icelandspermbank.com\/wp-content\/uploads\/sites\/9\/2020\/11\/jose-carlos-ichiro-6HLIXdWkG-U-unsplash.jpg\" \/>\n\t<meta property=\"og:image:width\" content=\"600\" \/>\n\t<meta property=\"og:image:height\" content=\"450\" \/>\n\t<meta property=\"og:image:type\" content=\"image\/jpeg\" \/>\n<meta name=\"twitter:card\" content=\"summary_large_image\" \/>\n<meta name=\"twitter:label1\" content=\"Est. reading time\" \/>\n\t<meta name=\"twitter:data1\" content=\"4 minutes\" \/>\n<script type=\"application\/ld+json\" class=\"yoast-schema-graph\">{\"@context\":\"https:\/\/schema.org\",\"@graph\":[{\"@type\":\"WebPage\",\"@id\":\"https:\/\/icelandspermbank.com\/sperm-donor-faq\/\",\"url\":\"https:\/\/icelandspermbank.com\/sperm-donor-faq\/\",\"name\":\"Frequently Asked Questions - Seattle Sperm Donor\",\"isPartOf\":{\"@id\":\"https:\/\/icelandspermbank.com\/#website\"},\"primaryImageOfPage\":{\"@id\":\"https:\/\/icelandspermbank.com\/sperm-donor-faq\/#primaryimage\"},\"image\":{\"@id\":\"https:\/\/icelandspermbank.com\/sperm-donor-faq\/#primaryimage\"},\"thumbnailUrl\":\"https:\/\/icelandspermbank.com\/wp-content\/uploads\/sites\/9\/2020\/11\/jose-carlos-ichiro-6HLIXdWkG-U-unsplash.jpg\",\"datePublished\":\"2021-05-21T05:56:03+00:00\",\"dateModified\":\"2025-09-08T15:51:39+00:00\",\"description\":\"Do you have question about being a Sperm Donor? We have answers.\",\"breadcrumb\":{\"@id\":\"https:\/\/icelandspermbank.com\/sperm-donor-faq\/#breadcrumb\"},\"inLanguage\":\"is\",\"potentialAction\":[{\"@type\":\"ReadAction\",\"target\":[\"https:\/\/icelandspermbank.com\/sperm-donor-faq\/\"]}]},{\"@type\":\"ImageObject\",\"inLanguage\":\"is\",\"@id\":\"https:\/\/icelandspermbank.com\/sperm-donor-faq\/#primaryimage\",\"url\":\"https:\/\/icelandspermbank.com\/wp-content\/uploads\/sites\/9\/2020\/11\/jose-carlos-ichiro-6HLIXdWkG-U-unsplash.jpg\",\"contentUrl\":\"https:\/\/icelandspermbank.com\/wp-content\/uploads\/sites\/9\/2020\/11\/jose-carlos-ichiro-6HLIXdWkG-U-unsplash.jpg\"},{\"@type\":\"BreadcrumbList\",\"@id\":\"https:\/\/icelandspermbank.com\/sperm-donor-faq\/#breadcrumb\",\"itemListElement\":[{\"@type\":\"ListItem\",\"position\":1,\"name\":\"Home\",\"item\":\"https:\/\/icelandspermbank.com\/\"},{\"@type\":\"ListItem\",\"position\":2,\"name\":\"FAQ\"}]},{\"@type\":\"WebSite\",\"@id\":\"https:\/\/icelandspermbank.com\/#website\",\"url\":\"https:\/\/icelandspermbank.com\/\",\"name\":\"Iceland Sperm Bank\",\"description\":\"Become a Sperm Donor in Iceland\",\"publisher\":{\"@id\":\"https:\/\/icelandspermbank.com\/#organization\"},\"potentialAction\":[{\"@type\":\"SearchAction\",\"target\":{\"@type\":\"EntryPoint\",\"urlTemplate\":\"https:\/\/icelandspermbank.com\/?s={search_term_string}\"},\"query-input\":{\"@type\":\"PropertyValueSpecification\",\"valueRequired\":true,\"valueName\":\"search_term_string\"}}],\"inLanguage\":\"is\"},{\"@type\":\"Organization\",\"@id\":\"https:\/\/icelandspermbank.com\/#organization\",\"name\":\"Seattle Sperm Donor\",\"url\":\"https:\/\/icelandspermbank.com\/\",\"logo\":{\"@type\":\"ImageObject\",\"inLanguage\":\"is\",\"@id\":\"https:\/\/icelandspermbank.com\/#\/schema\/logo\/image\/\",\"url\":\"https:\/\/icelandspermbank.com\/wp-content\/uploads\/sites\/9\/2021\/04\/logo-ssb.png\",\"contentUrl\":\"https:\/\/icelandspermbank.com\/wp-content\/uploads\/sites\/9\/2021\/04\/logo-ssb.png\",\"width\":221,\"height\":96,\"caption\":\"Seattle Sperm Donor\"},\"image\":{\"@id\":\"https:\/\/icelandspermbank.com\/#\/schema\/logo\/image\/\"},\"sameAs\":[\"https:\/\/www.facebook.com\/seattlespermdonor\/\",\"https:\/\/www.instagram.com\/seattlespermdonor\/\"]}]}<\/script>\n<!-- \/ Yoast SEO plugin. -->","yoast_head_json":{"title":"Frequently Asked Questions - Seattle Sperm Donor","description":"Do you have question about being a Sperm Donor? We have answers.","robots":{"index":"index","follow":"follow","max-snippet":"max-snippet:-1","max-image-preview":"max-image-preview:large","max-video-preview":"max-video-preview:-1"},"canonical":"https:\/\/icelandspermbank.com\/is\/sperm-donor-faq\/","og_locale":"is_IS","og_type":"article","og_title":"Frequently Asked Questions - Seattle Sperm Donor","og_description":"Do you have question about being a Sperm Donor? We have answers.","og_url":"https:\/\/icelandspermbank.com\/is\/sperm-donor-faq\/","og_site_name":"Iceland Sperm Bank","article_publisher":"https:\/\/www.facebook.com\/seattlespermdonor\/","article_modified_time":"2025-09-08T15:51:39+00:00","og_image":[{"width":600,"height":450,"url":"https:\/\/icelandspermbank.com\/wp-content\/uploads\/sites\/9\/2020\/11\/jose-carlos-ichiro-6HLIXdWkG-U-unsplash.jpg","type":"image\/jpeg"}],"twitter_card":"summary_large_image","twitter_misc":{"Est. reading time":"4 minutes"},"schema":{"@context":"https:\/\/schema.org","@graph":[{"@type":"WebPage","@id":"https:\/\/icelandspermbank.com\/sperm-donor-faq\/","url":"https:\/\/icelandspermbank.com\/sperm-donor-faq\/","name":"Frequently Asked Questions - Seattle Sperm Donor","isPartOf":{"@id":"https:\/\/icelandspermbank.com\/#website"},"primaryImageOfPage":{"@id":"https:\/\/icelandspermbank.com\/sperm-donor-faq\/#primaryimage"},"image":{"@id":"https:\/\/icelandspermbank.com\/sperm-donor-faq\/#primaryimage"},"thumbnailUrl":"https:\/\/icelandspermbank.com\/wp-content\/uploads\/sites\/9\/2020\/11\/jose-carlos-ichiro-6HLIXdWkG-U-unsplash.jpg","datePublished":"2021-05-21T05:56:03+00:00","dateModified":"2025-09-08T15:51:39+00:00","description":"Do you have question about being a Sperm Donor? We have answers.","breadcrumb":{"@id":"https:\/\/icelandspermbank.com\/sperm-donor-faq\/#breadcrumb"},"inLanguage":"is","potentialAction":[{"@type":"ReadAction","target":["https:\/\/icelandspermbank.com\/sperm-donor-faq\/"]}]},{"@type":"ImageObject","inLanguage":"is","@id":"https:\/\/icelandspermbank.com\/sperm-donor-faq\/#primaryimage","url":"https:\/\/icelandspermbank.com\/wp-content\/uploads\/sites\/9\/2020\/11\/jose-carlos-ichiro-6HLIXdWkG-U-unsplash.jpg","contentUrl":"https:\/\/icelandspermbank.com\/wp-content\/uploads\/sites\/9\/2020\/11\/jose-carlos-ichiro-6HLIXdWkG-U-unsplash.jpg"},{"@type":"BreadcrumbList","@id":"https:\/\/icelandspermbank.com\/sperm-donor-faq\/#breadcrumb","itemListElement":[{"@type":"ListItem","position":1,"name":"Home","item":"https:\/\/icelandspermbank.com\/"},{"@type":"ListItem","position":2,"name":"FAQ"}]},{"@type":"WebSite","@id":"https:\/\/icelandspermbank.com\/#website","url":"https:\/\/icelandspermbank.com\/","name":"Iceland Sperm Bank","description":"Become a Sperm Donor in Iceland","publisher":{"@id":"https:\/\/icelandspermbank.com\/#organization"},"potentialAction":[{"@type":"SearchAction","target":{"@type":"EntryPoint","urlTemplate":"https:\/\/icelandspermbank.com\/?s={search_term_string}"},"query-input":{"@type":"PropertyValueSpecification","valueRequired":true,"valueName":"search_term_string"}}],"inLanguage":"is"},{"@type":"Organization","@id":"https:\/\/icelandspermbank.com\/#organization","name":"Seattle Sperm Donor","url":"https:\/\/icelandspermbank.com\/","logo":{"@type":"ImageObject","inLanguage":"is","@id":"https:\/\/icelandspermbank.com\/#\/schema\/logo\/image\/","url":"https:\/\/icelandspermbank.com\/wp-content\/uploads\/sites\/9\/2021\/04\/logo-ssb.png","contentUrl":"https:\/\/icelandspermbank.com\/wp-content\/uploads\/sites\/9\/2021\/04\/logo-ssb.png","width":221,"height":96,"caption":"Seattle Sperm Donor"},"image":{"@id":"https:\/\/icelandspermbank.com\/#\/schema\/logo\/image\/"},"sameAs":["https:\/\/www.facebook.com\/seattlespermdonor\/","https:\/\/www.instagram.com\/seattlespermdonor\/"]}]}},"_links":{"self":[{"href":"https:\/\/icelandspermbank.com\/is\/wp-json\/wp\/v2\/pages\/4966","targetHints":{"allow":["GET"]}}],"collection":[{"href":"https:\/\/icelandspermbank.com\/is\/wp-json\/wp\/v2\/pages"}],"about":[{"href":"https:\/\/icelandspermbank.com\/is\/wp-json\/wp\/v2\/types\/page"}],"author":[{"embeddable":true,"href":"https:\/\/icelandspermbank.com\/is\/wp-json\/wp\/v2\/users\/6"}],"replies":[{"embeddable":true,"href":"https:\/\/icelandspermbank.com\/is\/wp-json\/wp\/v2\/comments?post=4966"}],"version-history":[{"count":41,"href":"https:\/\/icelandspermbank.com\/is\/wp-json\/wp\/v2\/pages\/4966\/revisions"}],"predecessor-version":[{"id":6303,"href":"https:\/\/icelandspermbank.com\/is\/wp-json\/wp\/v2\/pages\/4966\/revisions\/6303"}],"wp:attachment":[{"href":"https:\/\/icelandspermbank.com\/is\/wp-json\/wp\/v2\/media?parent=4966"}],"curies":[{"name":"wp","href":"https:\/\/api.w.org\/{rel}","templated":true}]}}