{"id":4748,"date":"2021-04-30T05:22:01","date_gmt":"2021-04-30T05:22:01","guid":{"rendered":"http:\/\/vn-ssb.local\/?page_id=4748"},"modified":"2025-09-08T15:35:35","modified_gmt":"2025-09-08T15:35:35","slug":"become-a-sperm-donor","status":"publish","type":"page","link":"https:\/\/icelandspermbank.com\/is\/become-a-sperm-donor\/","title":{"rendered":"Hvernig \u00feetta virkar"},"content":{"rendered":"<div class=\"gb-container gb-container-2a95403a header-internal-page\"><div class=\"gb-inside-container\">\n\n<h1 class=\"gb-headline gb-headline-c1f21f23 gb-headline-text\">Hvernig \u00fea\u00f0 virkar<\/h1>\n\n\n\n<h2 class=\"gb-headline gb-headline-cbe88209 gb-headline-text\">Engin vandr\u00e6\u00f0i, engar \u00f3v\u00e6ntar upp\u00e1komur.<\/h2>\n\n<\/div><\/div>\n\n<div class=\"gb-container gb-container-613ced2e\"><div class=\"gb-inside-container\">\n<div class=\"gb-grid-wrapper gb-grid-wrapper-362daeb1\">\n<div class=\"gb-grid-column gb-grid-column-27a0e383\"><div class=\"gb-container gb-container-27a0e383\"><div class=\"gb-inside-container\">\n\n<p class=\"gb-headline gb-headline-25158df7\"><span class=\"gb-icon\"><svg xmlns=\"http:\/\/www.w3.org\/2000\/svg\" viewbox=\"0 0 36.7 3\"><path d=\"M0 0h36.7v3H0z\"><\/path><\/svg><\/span><span class=\"gb-headline-text\">\u00deetta er vinningur fyrir alla.<\/span><\/p>\n\n\n\n<h2 class=\"gb-headline gb-headline-e923e090 gb-headline-text\">\u00cdmynda\u00f0u \u00fe\u00e9r tilfinninguna a\u00f0 vita a\u00f0 \u00fe\u00fa hefur hj\u00e1lpa\u00f0 til vi\u00f0 a\u00f0 skapa heila fj\u00f6lskyldu.<\/h2>\n\n<\/div><\/div><\/div>\n\n<div class=\"gb-grid-column gb-grid-column-afc3afdf\"><div class=\"gb-container gb-container-afc3afdf\"><div class=\"gb-inside-container\">\n\n<p>A\u00f0 gefa s\u00e6\u00f0i skiptir miklu m\u00e1li. \u00dea\u00f0 er skortur \u00e1 gjafas\u00e6\u00f0i \u00ed fj\u00f6lda landa um allan heim og eftirspurnin er a\u00f0 aukast. Framl\u00f6g \u00fe\u00edn geta hj\u00e1lpa\u00f0. \u00cdmynda\u00f0u \u00fe\u00e9r tilfinninguna a\u00f0 vita a\u00f0 \u00fe\u00fa hefur hj\u00e1lpa\u00f0 til vi\u00f0 a\u00f0 skapa heila fj\u00f6lskyldu. \u00deess vegna h\u00f6fum vi\u00f0 gert ferli\u00f0 eins einfalt og sveigjanlegt og m\u00f6gulegt er.<\/p>\n\n\n\n<p>Vi\u00f0 erum a\u00f0 leita a\u00f0 m\u00f6gulegum s\u00e6\u00f0isgj\u00f6fum til al\u00fej\u00f3\u00f0legrar notkunar. Enginn s\u00e6\u00f0isgjafi ver\u00f0ur nota\u00f0ur \u00e1 \u00cdslandi.<\/p>\n\n<\/div><\/div><\/div>\n<\/div>\n<\/div><\/div>\n\n<div class=\"gb-container gb-container-3d3389fe\"><div class=\"gb-inside-container\">\n<div class=\"gb-grid-wrapper gb-grid-wrapper-fc3a3d75\">\n<div class=\"gb-grid-column gb-grid-column-8932a36b\"><div class=\"gb-container gb-container-8932a36b\"><div class=\"gb-inside-container\">\n\n<figure class=\"wp-block-image size-large blue-shadow img\"><img loading=\"lazy\" decoding=\"async\" width=\"1024\" height=\"1024\" src=\"https:\/\/icelandspermbank.com\/wp-content\/uploads\/sites\/9\/2025\/07\/Majestic-View-1-square-1024x1024.webp\" alt=\"\" class=\"wp-image-6238\" srcset=\"https:\/\/icelandspermbank.com\/wp-content\/uploads\/sites\/9\/2025\/07\/Majestic-View-1-square-1024x1024.webp 1024w, https:\/\/icelandspermbank.com\/wp-content\/uploads\/sites\/9\/2025\/07\/Majestic-View-1-square-300x300.webp 300w, https:\/\/icelandspermbank.com\/wp-content\/uploads\/sites\/9\/2025\/07\/Majestic-View-1-square-150x150.webp 150w, https:\/\/icelandspermbank.com\/wp-content\/uploads\/sites\/9\/2025\/07\/Majestic-View-1-square-768x768.webp 768w, https:\/\/icelandspermbank.com\/wp-content\/uploads\/sites\/9\/2025\/07\/Majestic-View-1-square.webp 1100w\" sizes=\"auto, (max-width: 1024px) 100vw, 1024px\" \/><\/figure>\n\n<\/div><\/div><\/div>\n\n<div class=\"gb-grid-column gb-grid-column-961ebbd8\"><div class=\"gb-container gb-container-961ebbd8\"><div class=\"gb-inside-container\">\n\n<h2 class=\"gb-headline gb-headline-d2667c96 gb-headline-text\">Kr\u00f6fur til gjafa<\/h2>\n\n\n\n<h3 class=\"gb-headline gb-headline-b7db8148\"><span class=\"gb-icon\"><svg aria-hidden=\"true\" role=\"img\" height=\"1em\" width=\"1em\" viewbox=\"0 0 512 512\" xmlns=\"http:\/\/www.w3.org\/2000\/svg\"><path fill=\"currentColor\" d=\"M173.898 439.404l-166.4-166.4c-9.997-9.997-9.997-26.206 0-36.204l36.203-36.204c9.997-9.998 26.207-9.998 36.204 0L192 312.69 432.095 72.596c9.997-9.997 26.207-9.997 36.204 0l36.203 36.204c9.997 9.997 9.997 26.206 0 36.204l-294.4 294.401c-9.998 9.997-26.207 9.997-36.204-.001z\"><\/path><\/svg><\/span><span class=\"gb-headline-text\">Aldur 18-39<\/span><\/h3>\n\n\n\n<h3 class=\"gb-headline gb-headline-7d641f6f\"><span class=\"gb-icon\"><svg aria-hidden=\"true\" role=\"img\" height=\"1em\" width=\"1em\" viewbox=\"0 0 512 512\" xmlns=\"http:\/\/www.w3.org\/2000\/svg\"><path fill=\"currentColor\" d=\"M173.898 439.404l-166.4-166.4c-9.997-9.997-9.997-26.206 0-36.204l36.203-36.204c9.997-9.998 26.207-9.998 36.204 0L192 312.69 432.095 72.596c9.997-9.997 26.207-9.997 36.204 0l36.203 36.204c9.997 9.997 9.997 26.206 0 36.204l-294.4 294.401c-9.998 9.997-26.207 9.997-36.204-.001z\"><\/path><\/svg><\/span><span class=\"gb-headline-text\">Heilbrig\u00f0ur<\/span><\/h3>\n\n\n\n<h3 class=\"gb-headline gb-headline-de58d431\"><span class=\"gb-icon\"><svg aria-hidden=\"true\" role=\"img\" height=\"1em\" width=\"1em\" viewbox=\"0 0 512 512\" xmlns=\"http:\/\/www.w3.org\/2000\/svg\"><path fill=\"currentColor\" d=\"M173.898 439.404l-166.4-166.4c-9.997-9.997-9.997-26.206 0-36.204l36.203-36.204c9.997-9.998 26.207-9.998 36.204 0L192 312.69 432.095 72.596c9.997-9.997 26.207-9.997 36.204 0l36.203 36.204c9.997 9.997 9.997 26.206 0 36.204l-294.4 294.401c-9.998 9.997-26.207 9.997-36.204-.001z\"><\/path><\/svg><\/span><span class=\"gb-headline-text\">N\u00faverandi nemandi e\u00f0a ungur fagma\u00f0ur<\/span><\/h3>\n\n\n\n<h3 class=\"gb-headline gb-headline-f6d4315c\"><span class=\"gb-icon\"><svg aria-hidden=\"true\" role=\"img\" height=\"1em\" width=\"1em\" viewbox=\"0 0 512 512\" xmlns=\"http:\/\/www.w3.org\/2000\/svg\"><path fill=\"currentColor\" d=\"M173.898 439.404l-166.4-166.4c-9.997-9.997-9.997-26.206 0-36.204l36.203-36.204c9.997-9.998 26.207-9.998 36.204 0L192 312.69 432.095 72.596c9.997-9.997 26.207-9.997 36.204 0l36.203 36.204c9.997 9.997 9.997 26.206 0 36.204l-294.4 294.401c-9.998 9.997-26.207 9.997-36.204-.001z\"><\/path><\/svg><\/span><span class=\"gb-headline-text\">Getur lagt af m\u00f6rkum \u00ed 1-5 klukkustundir \u00e1 m\u00e1nu\u00f0i<\/span><\/h3>\n\n<\/div><\/div><\/div>\n<\/div>\n<\/div><\/div>\n\n<div class=\"gb-container gb-container-53c64a1b\"><div class=\"gb-inside-container\">\n<div class=\"gb-grid-wrapper gb-grid-wrapper-1014f37d\">\n<div class=\"gb-grid-column gb-grid-column-1878078c\"><div class=\"gb-container gb-container-1878078c\"><div class=\"gb-inside-container\">\n\n<h2 class=\"gb-headline gb-headline-a6c57182 gb-headline-text\">Ferli\u00f0<\/h2>\n\n\n\n<p>\u00dea\u00f0 er au\u00f0velt og flj\u00f3tlegt ferli a\u00f0 gerast s\u00e6\u00f0isgjafi hj\u00e1 Iceland Sperm Bank. Ef \u00fe\u00fa ert heilbrig\u00f0ur karlma\u00f0ur \u00e1 aldrinum 18 til 39 \u00e1ra og getur uppfyllt fj\u00f6lda l\u00edkamlegra og s\u00e1lfr\u00e6\u00f0ilegra skilyr\u00f0a, \u00fe\u00e1 \u00fearftu bara a\u00f0 fylgja \u00feessum \u00feremur einf\u00f6ldu skrefum.<\/p>\n\n\n\n<ol class=\"wp-block-list numbered-circles\">\n<li>Fylltu \u00fat ums\u00f3kn okkar \u00e1 netinu <a href=\"https:\/\/icelandspermbank.com\/is\/apply\/\"><span class=\"has-inline-color has-vivid-cyan-blue-color\">h\u00e9r<\/span><\/a> og sta\u00f0festu fyrstu heims\u00f3kn \u00fe\u00edna me\u00f0 \u00fe\u00e6gilegu b\u00f3kunart\u00f3li okkar \u00e1 netinu<\/li>\n\n\n\n<li>B\u00f3ka\u00f0u t\u00edma hj\u00e1 heilbrig\u00f0isstarfsf\u00f3lki okkar til a\u00f0 lj\u00faka l\u00e6knismati og pr\u00f3funum.<\/li>\n\n\n\n<li>Byrja\u00f0u a\u00f0 gefa sem virkur gjafi \u00ed kerfinu okkar!<\/li>\n<\/ol>\n\n<\/div><\/div><\/div>\n\n<div class=\"gb-grid-column gb-grid-column-b0bf0226\"><div class=\"gb-container gb-container-b0bf0226\"><div class=\"gb-inside-container\">\n\n<figure class=\"wp-block-image size-full blue-shadow img\"><img loading=\"lazy\" decoding=\"async\" width=\"1024\" height=\"1024\" src=\"https:\/\/icelandspermbank.com\/wp-content\/uploads\/sites\/9\/2025\/09\/Checkup.jpg\" alt=\"\" class=\"wp-image-6283\" srcset=\"https:\/\/icelandspermbank.com\/wp-content\/uploads\/sites\/9\/2025\/09\/Checkup.jpg 1024w, https:\/\/icelandspermbank.com\/wp-content\/uploads\/sites\/9\/2025\/09\/Checkup-300x300.jpg 300w, https:\/\/icelandspermbank.com\/wp-content\/uploads\/sites\/9\/2025\/09\/Checkup-150x150.jpg 150w, https:\/\/icelandspermbank.com\/wp-content\/uploads\/sites\/9\/2025\/09\/Checkup-768x768.jpg 768w\" sizes=\"auto, (max-width: 1024px) 100vw, 1024px\" \/><\/figure>\n\n<\/div><\/div><\/div>\n<\/div>\n<\/div><\/div>\n\n<div class=\"gb-container gb-container-909704bc wrapper-full-width-cta-bar\"><div class=\"gb-inside-container\">\n<div class=\"gb-grid-wrapper gb-grid-wrapper-cef8b769\">\n<div class=\"gb-grid-column gb-grid-column-efdf00ad\"><div class=\"gb-container gb-container-efdf00ad\"><div class=\"gb-inside-container\">\n\n<h2 class=\"gb-headline gb-headline-079627d4\"><span class=\"gb-icon\"><svg height=\"100px\" width=\"100px\" fill=\"#FFFFFF\" xmlns=\"http:\/\/www.w3.org\/2000\/svg\" xmlns:xlink=\"http:\/\/www.w3.org\/1999\/xlink\" version=\"1.1\" x=\"0px\" y=\"0px\" viewbox=\"0 0 38 38\" xml:space=\"preserve\"><path d=\"M22.66,14.128c-0.098-0.16-0.275-0.243-0.46-0.24c-0.187,0.012-0.351,0.127-0.426,0.297l-1.057,2.4l-1.237-4.336  c-0.063-0.221-0.269-0.389-0.498-0.361c-0.229,0.008-0.424,0.171-0.472,0.396l-1.2,5.689l-1.063-3.725  c-0.054-0.19-0.217-0.332-0.414-0.357c-0.192-0.026-0.391,0.065-0.494,0.236l-1.471,2.427h-1.904v1h2.186  c0.175,0,0.337-0.091,0.428-0.241l1.022-1.688l1.302,4.563c0.062,0.215,0.258,0.363,0.48,0.363c0.006,0,0.012,0,0.018-0.001  c0.229-0.008,0.424-0.171,0.472-0.396l1.2-5.69l1.064,3.729c0.058,0.202,0.236,0.347,0.446,0.361  c0.201,0.002,0.406-0.105,0.492-0.297l1.228-2.79l1.121,1.847c0.091,0.15,0.253,0.241,0.428,0.241h2.184v-1h-1.902L22.66,14.128z\"><\/path><path d=\"M27.36,5.784h-2.745v-2.6c0-0.277-0.224-0.5-0.5-0.5h-10.23c-0.276,0-0.5,0.223-0.5,0.5v2.6H10.64  c-1.728,0-3.134,1.405-3.134,3.133v23.266c0,1.728,1.406,3.133,3.134,3.133h16.72c1.728,0,3.134-1.405,3.134-3.133V8.917  C30.494,7.189,29.087,5.784,27.36,5.784z M14.384,3.685h9.23v5.354h-9.23V3.685z M29.494,32.183c0,1.176-0.957,2.133-2.134,2.133  H10.64c-1.177,0-2.134-0.957-2.134-2.133V8.917c0-1.176,0.957-2.133,2.134-2.133h2.744v2.754c0,0.277,0.224,0.5,0.5,0.5h10.23  c0.276,0,0.5-0.223,0.5-0.5V6.784h2.745c1.177,0,2.134,0.957,2.134,2.133V32.183z\"><\/path><path d=\"M19,4.142c-1.224,0-2.22,0.996-2.22,2.22s0.996,2.22,2.22,2.22s2.22-0.996,2.22-2.22S20.223,4.142,19,4.142z M19,7.581  c-0.673,0-1.22-0.547-1.22-1.22s0.547-1.22,1.22-1.22s1.22,0.547,1.22,1.22S19.672,7.581,19,7.581z\"><\/path><rect x=\"11.964\" y=\"21.787\" width=\"14.07\" height=\"1\"><\/rect><rect x=\"11.964\" y=\"25.77\" width=\"14.07\" height=\"1\"><\/rect><rect x=\"11.964\" y=\"29.752\" width=\"14.07\" height=\"1\"><\/rect><\/svg><\/span><span class=\"gb-headline-text\">Tilb\u00fainn a\u00f0 gerast s\u00e6\u00f0isgjafi? <br>Byrja\u00f0u ums\u00f3kn \u00fe\u00edna \u00e1 netinu \u00ed dag!<\/span><\/h2>\n\n\n\n<p class=\"has-text-align-center has-white-color has-text-color\">Ef \u00fe\u00fa hefur einhverjar spurningar, vinsamlegast haf\u00f0u samband vi\u00f0 okkur \u00e1&nbsp;<a href=\"mailto:donor@icelandspermbank.com\">gjafi@icelandspermbank.com<\/a>.<\/p>\n\n<\/div><\/div><\/div>\n\n<div class=\"gb-grid-column gb-grid-column-78732d75\"><div class=\"gb-container gb-container-78732d75\"><div class=\"gb-inside-container\">\n<div class=\"gb-button-wrapper gb-button-wrapper-c61aaad1\">\n\n<a class=\"gb-button gb-button-befc9dcb button\" href=\"https:\/\/icelandspermbank.com\/is\/apply\/\"><span class=\"gb-button-text\">Smelltu h\u00e9r til a\u00f0 byrja<\/span><span class=\"gb-icon\"><svg aria-hidden=\"true\" role=\"img\" height=\"1em\" width=\"1em\" viewbox=\"0 0 256 512\" xmlns=\"http:\/\/www.w3.org\/2000\/svg\"><path fill=\"currentColor\" d=\"M224.3 273l-136 136c-9.4 9.4-24.6 9.4-33.9 0l-22.6-22.6c-9.4-9.4-9.4-24.6 0-33.9l96.4-96.4-96.4-96.4c-9.4-9.4-9.4-24.6 0-33.9L54.3 103c9.4-9.4 24.6-9.4 33.9 0l136 136c9.5 9.4 9.5 24.6.1 34z\"><\/path><\/svg><\/span><\/a>\n\n<\/div>\n<\/div><\/div><\/div>\n<\/div>\n<\/div><\/div>\n\n<div class=\"gb-container gb-container-5bfca8d8\"><div class=\"gb-inside-container\">\n\n<h3 class=\"gb-headline gb-headline-136b6ef2\"><span class=\"gb-icon\"><svg xmlns=\"http:\/\/www.w3.org\/2000\/svg\" viewbox=\"0 0 36.7 3\"><path d=\"M0 0h36.7v3H0z\"><\/path><\/svg><\/span><span class=\"gb-headline-text\">Af hverju \u00e6tti \u00e9g a\u00f0 gefa hj\u00e1  Iceland Sperm Bank? <\/span><\/h3>\n\n\n<div class=\"gb-grid-wrapper gb-grid-wrapper-f1879243\">\n<div class=\"gb-grid-column gb-grid-column-4e9ae869\"><div class=\"gb-container gb-container-4e9ae869\"><div class=\"gb-inside-container\">\n\n<p>Iceland Sperm Bank er \u00fatib\u00fa Seattle Sperm Bank, eins af lei\u00f0andi s\u00e6\u00f0isb\u00f6nkum heims. Teymi\u00f0 okkar veitir \u00fej\u00f3nustu sem sn\u00fdst um \u00feig, s\u00e6\u00f0isgjafann, sem einstakling. Vi\u00f0 munum tryggja a\u00f0 \u00fe\u00fa f\u00e1ir eins mikinn pers\u00f3nulegan t\u00edma og athygli og \u00fe\u00fa \u00fearft.<\/p>\n\n\n\n<p>Vi\u00f0 munum framkv\u00e6ma \u00edtarlega heilsufarssko\u00f0un \u00e1 \u00fe\u00e9r \u00feegar \u00fe\u00fa skr\u00e1ir \u00feig \u00ed kerfi\u00f0 okkar og \u00e1 sex m\u00e1na\u00f0a fresti eftir \u00fea\u00f0 \u2013 svo lengi sem \u00fe\u00fa ert virkur gjafi. Vi\u00f0 munum einnig framkv\u00e6ma \u00edtarlega og h\u00e1\u00fer\u00f3a\u00f0a erf\u00f0afr\u00e6\u00f0ilega skimun.<\/p>\n\n\n\n<p>Framl\u00f6g til s\u00e6\u00f0isbankans eru eing\u00f6ngu til al\u00fej\u00f3\u00f0legra nota. Engin framl\u00f6g \u00fe\u00edn ver\u00f0a notu\u00f0 \u00e1 \u00cdslandi.<\/p>\n\n<\/div><\/div><\/div>\n\n<div class=\"gb-grid-column gb-grid-column-60ee1f46\"><div class=\"gb-container gb-container-60ee1f46\"><div class=\"gb-inside-container\">\n\n<h3 class=\"gb-headline gb-headline-f187a38f gb-headline-text\">Vi\u00f0 metum \u00feig mikils<\/h3>\n\n\n\n<p>\u00de\u00fa munt f\u00e1 opi\u00f0 bo\u00f0 um a\u00f0 r\u00e6\u00f0a hlutverk \u00feitt sem gjafa og nj\u00f3ta fulls stu\u00f0nings fr\u00e1 l\u00e6knisfr\u00e6\u00f0ilegu, v\u00edsindalegu og r\u00e1\u00f0gjafateymi okkar. \u00dea\u00f0 er okkur afar mikilv\u00e6gt a\u00f0 \u00fe\u00e9r l\u00ed\u00f0i vel me\u00f0 \u00fea\u00f0 sem \u00fe\u00fa ert a\u00f0 gera \u2013 a\u00f0 gefa l\u00edfi\u00f0 a\u00f0 gj\u00f6f.<\/p>\n\n\n\n<p>Ef \u00fe\u00fa hefur einhverjar spurningar, vinsamlegast haf\u00f0u samband vi\u00f0 okkur \u00e1&nbsp;<a href=\"mailto:donor@icelandspermbank.com\">gjafi@icelandspermbank.com<\/a>.<\/p>\n\n<\/div><\/div><\/div>\n<\/div>\n<\/div><\/div>","protected":false},"excerpt":{"rendered":"<p>How It Works No Hassles, No Surprises. Why Should I Donate with Iceland Sperm Bank?<\/p>","protected":false},"author":6,"featured_media":0,"parent":0,"menu_order":0,"comment_status":"closed","ping_status":"closed","template":"","meta":{"footnotes":""},"class_list":["post-4748","page","type-page","status-publish"],"yoast_head":"<!-- This site is optimized with the Yoast SEO plugin v25.3 - https:\/\/yoast.com\/wordpress\/plugins\/seo\/ -->\n<title>How to become a sperm donor - Iceland Sperm Bank<\/title>\n<meta name=\"description\" content=\"Learn how to become a Sperm Donor at Iceland Sperm Bank and apply to become a Sperm Donor now.\" \/>\n<meta name=\"robots\" content=\"index, follow, max-snippet:-1, max-image-preview:large, max-video-preview:-1\" \/>\n<link rel=\"canonical\" href=\"https:\/\/icelandspermbank.com\/is\/become-a-sperm-donor\/\" \/>\n<meta property=\"og:locale\" content=\"is_IS\" \/>\n<meta property=\"og:type\" content=\"article\" \/>\n<meta property=\"og:title\" content=\"How to become a sperm donor - Iceland Sperm Bank\" \/>\n<meta property=\"og:description\" content=\"Learn how to become a Sperm Donor at Iceland Sperm Bank and apply to become a Sperm Donor now.\" \/>\n<meta property=\"og:url\" content=\"https:\/\/icelandspermbank.com\/is\/become-a-sperm-donor\/\" \/>\n<meta property=\"og:site_name\" content=\"Iceland Sperm Bank\" \/>\n<meta property=\"article:publisher\" content=\"https:\/\/www.facebook.com\/seattlespermdonor\/\" \/>\n<meta property=\"article:modified_time\" content=\"2025-09-08T15:35:35+00:00\" \/>\n<meta property=\"og:image\" content=\"https:\/\/icelandspermbank.com\/wp-content\/uploads\/sites\/9\/2025\/07\/Majestic-View-1-square.webp\" \/>\n\t<meta property=\"og:image:width\" content=\"1100\" \/>\n\t<meta property=\"og:image:height\" content=\"1100\" \/>\n\t<meta property=\"og:image:type\" content=\"image\/webp\" \/>\n<meta name=\"twitter:card\" content=\"summary_large_image\" \/>\n<meta name=\"twitter:label1\" content=\"Est. reading time\" \/>\n\t<meta name=\"twitter:data1\" content=\"3 minutes\" \/>\n<script type=\"application\/ld+json\" class=\"yoast-schema-graph\">{\"@context\":\"https:\/\/schema.org\",\"@graph\":[{\"@type\":\"WebPage\",\"@id\":\"https:\/\/icelandspermbank.com\/become-a-sperm-donor\/\",\"url\":\"https:\/\/icelandspermbank.com\/become-a-sperm-donor\/\",\"name\":\"How to become a sperm donor - Iceland Sperm Bank\",\"isPartOf\":{\"@id\":\"https:\/\/icelandspermbank.com\/#website\"},\"primaryImageOfPage\":{\"@id\":\"https:\/\/icelandspermbank.com\/become-a-sperm-donor\/#primaryimage\"},\"image\":{\"@id\":\"https:\/\/icelandspermbank.com\/become-a-sperm-donor\/#primaryimage\"},\"thumbnailUrl\":\"https:\/\/icelandspermbank.com\/wp-content\/uploads\/sites\/9\/2025\/07\/Majestic-View-1-square-1024x1024.webp\",\"datePublished\":\"2021-04-30T05:22:01+00:00\",\"dateModified\":\"2025-09-08T15:35:35+00:00\",\"description\":\"Learn how to become a Sperm Donor at Iceland Sperm Bank and apply to become a Sperm Donor now.\",\"breadcrumb\":{\"@id\":\"https:\/\/icelandspermbank.com\/become-a-sperm-donor\/#breadcrumb\"},\"inLanguage\":\"is\",\"potentialAction\":[{\"@type\":\"ReadAction\",\"target\":[\"https:\/\/icelandspermbank.com\/become-a-sperm-donor\/\"]}]},{\"@type\":\"ImageObject\",\"inLanguage\":\"is\",\"@id\":\"https:\/\/icelandspermbank.com\/become-a-sperm-donor\/#primaryimage\",\"url\":\"https:\/\/icelandspermbank.com\/wp-content\/uploads\/sites\/9\/2025\/07\/Majestic-View-1-square-1024x1024.webp\",\"contentUrl\":\"https:\/\/icelandspermbank.com\/wp-content\/uploads\/sites\/9\/2025\/07\/Majestic-View-1-square-1024x1024.webp\"},{\"@type\":\"BreadcrumbList\",\"@id\":\"https:\/\/icelandspermbank.com\/become-a-sperm-donor\/#breadcrumb\",\"itemListElement\":[{\"@type\":\"ListItem\",\"position\":1,\"name\":\"Home\",\"item\":\"https:\/\/icelandspermbank.com\/\"},{\"@type\":\"ListItem\",\"position\":2,\"name\":\"How it Works\"}]},{\"@type\":\"WebSite\",\"@id\":\"https:\/\/icelandspermbank.com\/#website\",\"url\":\"https:\/\/icelandspermbank.com\/\",\"name\":\"Iceland Sperm Bank\",\"description\":\"Become a Sperm Donor in Iceland\",\"publisher\":{\"@id\":\"https:\/\/icelandspermbank.com\/#organization\"},\"potentialAction\":[{\"@type\":\"SearchAction\",\"target\":{\"@type\":\"EntryPoint\",\"urlTemplate\":\"https:\/\/icelandspermbank.com\/?s={search_term_string}\"},\"query-input\":{\"@type\":\"PropertyValueSpecification\",\"valueRequired\":true,\"valueName\":\"search_term_string\"}}],\"inLanguage\":\"is\"},{\"@type\":\"Organization\",\"@id\":\"https:\/\/icelandspermbank.com\/#organization\",\"name\":\"Seattle Sperm Donor\",\"url\":\"https:\/\/icelandspermbank.com\/\",\"logo\":{\"@type\":\"ImageObject\",\"inLanguage\":\"is\",\"@id\":\"https:\/\/icelandspermbank.com\/#\/schema\/logo\/image\/\",\"url\":\"https:\/\/icelandspermbank.com\/wp-content\/uploads\/sites\/9\/2021\/04\/logo-ssb.png\",\"contentUrl\":\"https:\/\/icelandspermbank.com\/wp-content\/uploads\/sites\/9\/2021\/04\/logo-ssb.png\",\"width\":221,\"height\":96,\"caption\":\"Seattle Sperm Donor\"},\"image\":{\"@id\":\"https:\/\/icelandspermbank.com\/#\/schema\/logo\/image\/\"},\"sameAs\":[\"https:\/\/www.facebook.com\/seattlespermdonor\/\",\"https:\/\/www.instagram.com\/seattlespermdonor\/\"]}]}<\/script>\n<!-- \/ Yoast SEO plugin. -->","yoast_head_json":{"title":"How to become a sperm donor - Iceland Sperm Bank","description":"Learn how to become a Sperm Donor at Iceland Sperm Bank and apply to become a Sperm Donor now.","robots":{"index":"index","follow":"follow","max-snippet":"max-snippet:-1","max-image-preview":"max-image-preview:large","max-video-preview":"max-video-preview:-1"},"canonical":"https:\/\/icelandspermbank.com\/is\/become-a-sperm-donor\/","og_locale":"is_IS","og_type":"article","og_title":"How to become a sperm donor - Iceland Sperm Bank","og_description":"Learn how to become a Sperm Donor at Iceland Sperm Bank and apply to become a Sperm Donor now.","og_url":"https:\/\/icelandspermbank.com\/is\/become-a-sperm-donor\/","og_site_name":"Iceland Sperm Bank","article_publisher":"https:\/\/www.facebook.com\/seattlespermdonor\/","article_modified_time":"2025-09-08T15:35:35+00:00","og_image":[{"width":1100,"height":1100,"url":"https:\/\/icelandspermbank.com\/wp-content\/uploads\/sites\/9\/2025\/07\/Majestic-View-1-square.webp","type":"image\/webp"}],"twitter_card":"summary_large_image","twitter_misc":{"Est. reading time":"3 minutes"},"schema":{"@context":"https:\/\/schema.org","@graph":[{"@type":"WebPage","@id":"https:\/\/icelandspermbank.com\/become-a-sperm-donor\/","url":"https:\/\/icelandspermbank.com\/become-a-sperm-donor\/","name":"How to become a sperm donor - Iceland Sperm Bank","isPartOf":{"@id":"https:\/\/icelandspermbank.com\/#website"},"primaryImageOfPage":{"@id":"https:\/\/icelandspermbank.com\/become-a-sperm-donor\/#primaryimage"},"image":{"@id":"https:\/\/icelandspermbank.com\/become-a-sperm-donor\/#primaryimage"},"thumbnailUrl":"https:\/\/icelandspermbank.com\/wp-content\/uploads\/sites\/9\/2025\/07\/Majestic-View-1-square-1024x1024.webp","datePublished":"2021-04-30T05:22:01+00:00","dateModified":"2025-09-08T15:35:35+00:00","description":"Learn how to become a Sperm Donor at Iceland Sperm Bank and apply to become a Sperm Donor now.","breadcrumb":{"@id":"https:\/\/icelandspermbank.com\/become-a-sperm-donor\/#breadcrumb"},"inLanguage":"is","potentialAction":[{"@type":"ReadAction","target":["https:\/\/icelandspermbank.com\/become-a-sperm-donor\/"]}]},{"@type":"ImageObject","inLanguage":"is","@id":"https:\/\/icelandspermbank.com\/become-a-sperm-donor\/#primaryimage","url":"https:\/\/icelandspermbank.com\/wp-content\/uploads\/sites\/9\/2025\/07\/Majestic-View-1-square-1024x1024.webp","contentUrl":"https:\/\/icelandspermbank.com\/wp-content\/uploads\/sites\/9\/2025\/07\/Majestic-View-1-square-1024x1024.webp"},{"@type":"BreadcrumbList","@id":"https:\/\/icelandspermbank.com\/become-a-sperm-donor\/#breadcrumb","itemListElement":[{"@type":"ListItem","position":1,"name":"Home","item":"https:\/\/icelandspermbank.com\/"},{"@type":"ListItem","position":2,"name":"How it Works"}]},{"@type":"WebSite","@id":"https:\/\/icelandspermbank.com\/#website","url":"https:\/\/icelandspermbank.com\/","name":"Iceland Sperm Bank","description":"Become a Sperm Donor in Iceland","publisher":{"@id":"https:\/\/icelandspermbank.com\/#organization"},"potentialAction":[{"@type":"SearchAction","target":{"@type":"EntryPoint","urlTemplate":"https:\/\/icelandspermbank.com\/?s={search_term_string}"},"query-input":{"@type":"PropertyValueSpecification","valueRequired":true,"valueName":"search_term_string"}}],"inLanguage":"is"},{"@type":"Organization","@id":"https:\/\/icelandspermbank.com\/#organization","name":"Seattle Sperm Donor","url":"https:\/\/icelandspermbank.com\/","logo":{"@type":"ImageObject","inLanguage":"is","@id":"https:\/\/icelandspermbank.com\/#\/schema\/logo\/image\/","url":"https:\/\/icelandspermbank.com\/wp-content\/uploads\/sites\/9\/2021\/04\/logo-ssb.png","contentUrl":"https:\/\/icelandspermbank.com\/wp-content\/uploads\/sites\/9\/2021\/04\/logo-ssb.png","width":221,"height":96,"caption":"Seattle Sperm Donor"},"image":{"@id":"https:\/\/icelandspermbank.com\/#\/schema\/logo\/image\/"},"sameAs":["https:\/\/www.facebook.com\/seattlespermdonor\/","https:\/\/www.instagram.com\/seattlespermdonor\/"]}]}},"_links":{"self":[{"href":"https:\/\/icelandspermbank.com\/is\/wp-json\/wp\/v2\/pages\/4748","targetHints":{"allow":["GET"]}}],"collection":[{"href":"https:\/\/icelandspermbank.com\/is\/wp-json\/wp\/v2\/pages"}],"about":[{"href":"https:\/\/icelandspermbank.com\/is\/wp-json\/wp\/v2\/types\/page"}],"author":[{"embeddable":true,"href":"https:\/\/icelandspermbank.com\/is\/wp-json\/wp\/v2\/users\/6"}],"replies":[{"embeddable":true,"href":"https:\/\/icelandspermbank.com\/is\/wp-json\/wp\/v2\/comments?post=4748"}],"version-history":[{"count":47,"href":"https:\/\/icelandspermbank.com\/is\/wp-json\/wp\/v2\/pages\/4748\/revisions"}],"predecessor-version":[{"id":6299,"href":"https:\/\/icelandspermbank.com\/is\/wp-json\/wp\/v2\/pages\/4748\/revisions\/6299"}],"wp:attachment":[{"href":"https:\/\/icelandspermbank.com\/is\/wp-json\/wp\/v2\/media?parent=4748"}],"curies":[{"name":"wp","href":"https:\/\/api.w.org\/{rel}","templated":true}]}}