{"id":4742,"date":"2021-04-30T04:39:34","date_gmt":"2021-04-30T04:39:34","guid":{"rendered":"http:\/\/vn-ssb.local\/?page_id=4742"},"modified":"2025-10-13T21:48:39","modified_gmt":"2025-10-13T21:48:39","slug":"donor-perks","status":"publish","type":"page","link":"https:\/\/icelandspermbank.com\/is\/donor-perks\/","title":{"rendered":"\u00c1vinningur fyrir gjafa"},"content":{"rendered":"<div class=\"gb-container gb-container-0a4db889 header-internal-page\"><div class=\"gb-inside-container\">\n\n<h1 class=\"gb-headline gb-headline-11f93132 gb-headline-text\">\u00c1vinningur fyrir gjafa<\/h1>\n\n\n\n<h2 class=\"gb-headline gb-headline-f6f827fc gb-headline-text\">Vi\u00f0 gerum \u00fea\u00f0 \u00feess vir\u00f0i a\u00f0 ey\u00f0a t\u00edma \u00ed \u00fea\u00f0.<\/h2>\n\n<\/div><\/div>\n\n<div class=\"gb-container gb-container-64391086\"><div class=\"gb-inside-container\">\n<div class=\"gb-grid-wrapper gb-grid-wrapper-76fa5682\">\n<div class=\"gb-grid-column gb-grid-column-7fddd5ff\"><div class=\"gb-container gb-container-7fddd5ff\"><div class=\"gb-inside-container\">\n\n<p class=\"gb-headline gb-headline-9b73ecbe\"><span class=\"gb-icon\"><svg xmlns=\"http:\/\/www.w3.org\/2000\/svg\" viewbox=\"0 0 36.7 3\"><path d=\"M0 0h36.7v3H0z\"><\/path><\/svg><\/span><span class=\"gb-headline-text\">Kostirnir<\/span><\/p>\n\n\n\n<h2 class=\"gb-headline gb-headline-d14c8852 gb-headline-text\">G\u00f3\u00f0verk. Mikilv\u00e6gir kostir. <\/h2>\n\n\n\n<p>Til hamingju! Vi\u00f0 erum svo spennt a\u00f0 \u00fe\u00fa s\u00e9rt a\u00f0 taka \u00e1kv\u00f6r\u00f0un um a\u00f0 gerast s\u00e6\u00f0isgjafi. \u00dea\u00f0 hefur marga kosti a\u00f0 vera s\u00e6\u00f0isgjafi, \u00fear \u00e1 me\u00f0al t\u00e6kif\u00e6ri til a\u00f0 hj\u00e1lpa einhverjum a\u00f0 uppfylla draum sinn um a\u00f0 stofna fj\u00f6lskyldu.<\/p>\n\n<\/div><\/div><\/div>\n\n<div class=\"gb-grid-column gb-grid-column-0896ed09\"><div class=\"gb-container gb-container-0896ed09\"><div class=\"gb-inside-container\">\n\n<figure class=\"wp-block-image size-full blue-shadow img\"><img loading=\"lazy\" decoding=\"async\" width=\"600\" height=\"450\" src=\"https:\/\/icelandspermbank.com\/wp-content\/uploads\/sites\/9\/2025\/09\/photo-man-shirt-blond_600.jpg\" alt=\"\" class=\"wp-image-6276\" srcset=\"https:\/\/icelandspermbank.com\/wp-content\/uploads\/sites\/9\/2025\/09\/photo-man-shirt-blond_600.jpg 600w, https:\/\/icelandspermbank.com\/wp-content\/uploads\/sites\/9\/2025\/09\/photo-man-shirt-blond_600-300x225.jpg 300w\" sizes=\"auto, (max-width: 600px) 100vw, 600px\" \/><\/figure>\n\n<\/div><\/div><\/div>\n<\/div>\n<\/div><\/div>\n\n<div class=\"gb-container gb-container-2642d37b alignfull\"><div class=\"gb-inside-container\">\n\n<h3 class=\"gb-headline gb-headline-39487d26\"><span class=\"gb-icon\"><svg xmlns=\"http:\/\/www.w3.org\/2000\/svg\" viewbox=\"0 0 36.7 3\"><path d=\"M0 0h36.7v3H0z\"><\/path><\/svg><\/span><span class=\"gb-headline-text\">Helstu \u00e1vinningar gjafa<\/span><\/h3>\n\n\n<div class=\"gb-grid-wrapper gb-grid-wrapper-18cfcbf1\">\n<div class=\"gb-grid-column gb-grid-column-e18260d6\"><div class=\"gb-container gb-container-e18260d6\"><div class=\"gb-inside-container\">\n\n<h3 class=\"gb-headline gb-headline-e73a6b24 gb-headline-text\">Hj\u00e1lpa\u00f0u til vi\u00f0 a\u00f0 uppfylla draum<\/h3>\n\n\n\n<p>\u00deegar \u00fe\u00fa skr\u00e1ir \u00feig sem gjafa hj\u00e1 okkur tekur \u00fe\u00fa fyrsta skrefi\u00f0 \u00ed a\u00f0 hj\u00e1lpa einhverjum a\u00f0 l\u00e1ta drauminn um a\u00f0 stofna fj\u00f6lskyldu r\u00e6tast<\/p>\n\n<\/div><\/div><\/div>\n\n<div class=\"gb-grid-column gb-grid-column-15272d85\"><div class=\"gb-container gb-container-15272d85\"><div class=\"gb-inside-container\">\n\n<h3 class=\"gb-headline gb-headline-b1620fc2 gb-headline-text\">\u00d3keypis heilsufarssko\u00f0anir<\/h3>\n\n\n\n<p>S\u00e6\u00f0isgjafar okkar gangast undir reglulegar heilsufarssko\u00f0anir og skimun til a\u00f0 tryggja a\u00f0 \u00fe\u00fa haldir g\u00f3\u00f0ri heilsu<\/p>\n\n<\/div><\/div><\/div>\n<\/div>\n<\/div><\/div>\n\n<div class=\"gb-container gb-container-303675ba\"><\/div>\n\n<div class=\"gb-container gb-container-909704bc wrapper-full-width-cta-bar\"><div class=\"gb-inside-container\">\n<div class=\"gb-grid-wrapper gb-grid-wrapper-cef8b769\">\n<div class=\"gb-grid-column gb-grid-column-efdf00ad\"><div class=\"gb-container gb-container-efdf00ad\"><div class=\"gb-inside-container\">\n\n<h2 class=\"gb-headline gb-headline-079627d4\"><span class=\"gb-icon\"><svg height=\"100px\" width=\"100px\" fill=\"#FFFFFF\" xmlns=\"http:\/\/www.w3.org\/2000\/svg\" xmlns:xlink=\"http:\/\/www.w3.org\/1999\/xlink\" version=\"1.1\" x=\"0px\" y=\"0px\" viewbox=\"0 0 38 38\" xml:space=\"preserve\"><path d=\"M22.66,14.128c-0.098-0.16-0.275-0.243-0.46-0.24c-0.187,0.012-0.351,0.127-0.426,0.297l-1.057,2.4l-1.237-4.336  c-0.063-0.221-0.269-0.389-0.498-0.361c-0.229,0.008-0.424,0.171-0.472,0.396l-1.2,5.689l-1.063-3.725  c-0.054-0.19-0.217-0.332-0.414-0.357c-0.192-0.026-0.391,0.065-0.494,0.236l-1.471,2.427h-1.904v1h2.186  c0.175,0,0.337-0.091,0.428-0.241l1.022-1.688l1.302,4.563c0.062,0.215,0.258,0.363,0.48,0.363c0.006,0,0.012,0,0.018-0.001  c0.229-0.008,0.424-0.171,0.472-0.396l1.2-5.69l1.064,3.729c0.058,0.202,0.236,0.347,0.446,0.361  c0.201,0.002,0.406-0.105,0.492-0.297l1.228-2.79l1.121,1.847c0.091,0.15,0.253,0.241,0.428,0.241h2.184v-1h-1.902L22.66,14.128z\"><\/path><path d=\"M27.36,5.784h-2.745v-2.6c0-0.277-0.224-0.5-0.5-0.5h-10.23c-0.276,0-0.5,0.223-0.5,0.5v2.6H10.64  c-1.728,0-3.134,1.405-3.134,3.133v23.266c0,1.728,1.406,3.133,3.134,3.133h16.72c1.728,0,3.134-1.405,3.134-3.133V8.917  C30.494,7.189,29.087,5.784,27.36,5.784z M14.384,3.685h9.23v5.354h-9.23V3.685z M29.494,32.183c0,1.176-0.957,2.133-2.134,2.133  H10.64c-1.177,0-2.134-0.957-2.134-2.133V8.917c0-1.176,0.957-2.133,2.134-2.133h2.744v2.754c0,0.277,0.224,0.5,0.5,0.5h10.23  c0.276,0,0.5-0.223,0.5-0.5V6.784h2.745c1.177,0,2.134,0.957,2.134,2.133V32.183z\"><\/path><path d=\"M19,4.142c-1.224,0-2.22,0.996-2.22,2.22s0.996,2.22,2.22,2.22s2.22-0.996,2.22-2.22S20.223,4.142,19,4.142z M19,7.581  c-0.673,0-1.22-0.547-1.22-1.22s0.547-1.22,1.22-1.22s1.22,0.547,1.22,1.22S19.672,7.581,19,7.581z\"><\/path><rect x=\"11.964\" y=\"21.787\" width=\"14.07\" height=\"1\"><\/rect><rect x=\"11.964\" y=\"25.77\" width=\"14.07\" height=\"1\"><\/rect><rect x=\"11.964\" y=\"29.752\" width=\"14.07\" height=\"1\"><\/rect><\/svg><\/span><span class=\"gb-headline-text\">Tilb\u00fainn a\u00f0 gerast s\u00e6\u00f0isgjafi? <br>Byrja\u00f0u ums\u00f3kn \u00fe\u00edna \u00e1 netinu \u00ed dag!<\/span><\/h2>\n\n\n\n<p class=\"has-text-align-center has-white-color has-text-color\">Ef \u00fe\u00fa hefur einhverjar spurningar, vinsamlegast haf\u00f0u samband vi\u00f0 okkur \u00e1&nbsp;<a href=\"mailto:donor@icelandspermbank.com\">gjafi@icelandspermbank.com<\/a>.<\/p>\n\n<\/div><\/div><\/div>\n\n<div class=\"gb-grid-column gb-grid-column-78732d75\"><div class=\"gb-container gb-container-78732d75\"><div class=\"gb-inside-container\">\n<div class=\"gb-button-wrapper gb-button-wrapper-c61aaad1\">\n\n<a class=\"gb-button gb-button-befc9dcb button\" href=\"https:\/\/icelandspermbank.com\/is\/apply\/\"><span class=\"gb-button-text\">Smelltu h\u00e9r til a\u00f0 byrja<\/span><span class=\"gb-icon\"><svg aria-hidden=\"true\" role=\"img\" height=\"1em\" width=\"1em\" viewbox=\"0 0 256 512\" xmlns=\"http:\/\/www.w3.org\/2000\/svg\"><path fill=\"currentColor\" d=\"M224.3 273l-136 136c-9.4 9.4-24.6 9.4-33.9 0l-22.6-22.6c-9.4-9.4-9.4-24.6 0-33.9l96.4-96.4-96.4-96.4c-9.4-9.4-9.4-24.6 0-33.9L54.3 103c9.4-9.4 24.6-9.4 33.9 0l136 136c9.5 9.4 9.5 24.6.1 34z\"><\/path><\/svg><\/span><\/a>\n\n<\/div>\n<\/div><\/div><\/div>\n<\/div>\n<\/div><\/div>\n\n\n<div style=\"height:64px\" aria-hidden=\"true\" class=\"wp-block-spacer\"><\/div>","protected":false},"excerpt":{"rendered":"<p>Donor Perks We Make It Worth Your Time. Top Donor Benefits<\/p>","protected":false},"author":6,"featured_media":0,"parent":0,"menu_order":0,"comment_status":"closed","ping_status":"closed","template":"","meta":{"footnotes":""},"class_list":["post-4742","page","type-page","status-publish"],"yoast_head":"<!-- This site is optimized with the Yoast SEO plugin v25.3 - https:\/\/yoast.com\/wordpress\/plugins\/seo\/ -->\n<title>Benefits Of Becoming A Sperm Donor<\/title>\n<meta name=\"description\" content=\"&quot;Why Should I Donate Sperm? There are many benefits to becoming a sperm donor. From helping those in need start a family, to being financially compensated, you will make a difference.&quot;\" \/>\n<meta name=\"robots\" content=\"index, follow, max-snippet:-1, max-image-preview:large, max-video-preview:-1\" \/>\n<link rel=\"canonical\" href=\"https:\/\/icelandspermbank.com\/is\/donor-perks\/\" \/>\n<meta property=\"og:locale\" content=\"is_IS\" \/>\n<meta property=\"og:type\" content=\"article\" \/>\n<meta property=\"og:title\" content=\"Benefits Of Becoming A Sperm Donor\" \/>\n<meta property=\"og:description\" content=\"&quot;Why Should I Donate Sperm? There are many benefits to becoming a sperm donor. From helping those in need start a family, to being financially compensated, you will make a difference.&quot;\" \/>\n<meta property=\"og:url\" content=\"https:\/\/icelandspermbank.com\/is\/donor-perks\/\" \/>\n<meta property=\"og:site_name\" content=\"Iceland Sperm Bank\" \/>\n<meta property=\"article:publisher\" content=\"https:\/\/www.facebook.com\/seattlespermdonor\/\" \/>\n<meta property=\"article:modified_time\" content=\"2025-10-13T21:48:39+00:00\" \/>\n<meta property=\"og:image\" content=\"https:\/\/icelandspermbank.com\/wp-content\/uploads\/sites\/9\/2025\/09\/photo-man-shirt-blond_600.jpg\" \/>\n\t<meta property=\"og:image:width\" content=\"600\" \/>\n\t<meta property=\"og:image:height\" content=\"450\" \/>\n\t<meta property=\"og:image:type\" content=\"image\/jpeg\" \/>\n<meta name=\"twitter:card\" content=\"summary_large_image\" \/>\n<meta name=\"twitter:label1\" content=\"Est. reading time\" \/>\n\t<meta name=\"twitter:data1\" content=\"2 minutes\" \/>\n<script type=\"application\/ld+json\" class=\"yoast-schema-graph\">{\"@context\":\"https:\/\/schema.org\",\"@graph\":[{\"@type\":\"WebPage\",\"@id\":\"https:\/\/icelandspermbank.com\/donor-perks\/\",\"url\":\"https:\/\/icelandspermbank.com\/donor-perks\/\",\"name\":\"Benefits Of Becoming A Sperm Donor\",\"isPartOf\":{\"@id\":\"https:\/\/icelandspermbank.com\/#website\"},\"primaryImageOfPage\":{\"@id\":\"https:\/\/icelandspermbank.com\/donor-perks\/#primaryimage\"},\"image\":{\"@id\":\"https:\/\/icelandspermbank.com\/donor-perks\/#primaryimage\"},\"thumbnailUrl\":\"https:\/\/icelandspermbank.com\/wp-content\/uploads\/sites\/9\/2025\/09\/photo-man-shirt-blond_600.jpg\",\"datePublished\":\"2021-04-30T04:39:34+00:00\",\"dateModified\":\"2025-10-13T21:48:39+00:00\",\"description\":\"\\\"Why Should I Donate Sperm? There are many benefits to becoming a sperm donor. From helping those in need start a family, to being financially compensated, you will make a difference.\\\"\",\"breadcrumb\":{\"@id\":\"https:\/\/icelandspermbank.com\/donor-perks\/#breadcrumb\"},\"inLanguage\":\"is\",\"potentialAction\":[{\"@type\":\"ReadAction\",\"target\":[\"https:\/\/icelandspermbank.com\/donor-perks\/\"]}]},{\"@type\":\"ImageObject\",\"inLanguage\":\"is\",\"@id\":\"https:\/\/icelandspermbank.com\/donor-perks\/#primaryimage\",\"url\":\"https:\/\/icelandspermbank.com\/wp-content\/uploads\/sites\/9\/2025\/09\/photo-man-shirt-blond_600.jpg\",\"contentUrl\":\"https:\/\/icelandspermbank.com\/wp-content\/uploads\/sites\/9\/2025\/09\/photo-man-shirt-blond_600.jpg\"},{\"@type\":\"BreadcrumbList\",\"@id\":\"https:\/\/icelandspermbank.com\/donor-perks\/#breadcrumb\",\"itemListElement\":[{\"@type\":\"ListItem\",\"position\":1,\"name\":\"Home\",\"item\":\"https:\/\/icelandspermbank.com\/\"},{\"@type\":\"ListItem\",\"position\":2,\"name\":\"Donor Perks\"}]},{\"@type\":\"WebSite\",\"@id\":\"https:\/\/icelandspermbank.com\/#website\",\"url\":\"https:\/\/icelandspermbank.com\/\",\"name\":\"Iceland Sperm Bank\",\"description\":\"Become a Sperm Donor in Iceland\",\"publisher\":{\"@id\":\"https:\/\/icelandspermbank.com\/#organization\"},\"potentialAction\":[{\"@type\":\"SearchAction\",\"target\":{\"@type\":\"EntryPoint\",\"urlTemplate\":\"https:\/\/icelandspermbank.com\/?s={search_term_string}\"},\"query-input\":{\"@type\":\"PropertyValueSpecification\",\"valueRequired\":true,\"valueName\":\"search_term_string\"}}],\"inLanguage\":\"is\"},{\"@type\":\"Organization\",\"@id\":\"https:\/\/icelandspermbank.com\/#organization\",\"name\":\"Seattle Sperm Donor\",\"url\":\"https:\/\/icelandspermbank.com\/\",\"logo\":{\"@type\":\"ImageObject\",\"inLanguage\":\"is\",\"@id\":\"https:\/\/icelandspermbank.com\/#\/schema\/logo\/image\/\",\"url\":\"https:\/\/icelandspermbank.com\/wp-content\/uploads\/sites\/9\/2021\/04\/logo-ssb.png\",\"contentUrl\":\"https:\/\/icelandspermbank.com\/wp-content\/uploads\/sites\/9\/2021\/04\/logo-ssb.png\",\"width\":221,\"height\":96,\"caption\":\"Seattle Sperm Donor\"},\"image\":{\"@id\":\"https:\/\/icelandspermbank.com\/#\/schema\/logo\/image\/\"},\"sameAs\":[\"https:\/\/www.facebook.com\/seattlespermdonor\/\",\"https:\/\/www.instagram.com\/seattlespermdonor\/\"]}]}<\/script>\n<!-- \/ Yoast SEO plugin. -->","yoast_head_json":{"title":"Benefits Of Becoming A Sperm Donor","description":"\"Why Should I Donate Sperm? There are many benefits to becoming a sperm donor. From helping those in need start a family, to being financially compensated, you will make a difference.\"","robots":{"index":"index","follow":"follow","max-snippet":"max-snippet:-1","max-image-preview":"max-image-preview:large","max-video-preview":"max-video-preview:-1"},"canonical":"https:\/\/icelandspermbank.com\/is\/donor-perks\/","og_locale":"is_IS","og_type":"article","og_title":"Benefits Of Becoming A Sperm Donor","og_description":"\"Why Should I Donate Sperm? There are many benefits to becoming a sperm donor. From helping those in need start a family, to being financially compensated, you will make a difference.\"","og_url":"https:\/\/icelandspermbank.com\/is\/donor-perks\/","og_site_name":"Iceland Sperm Bank","article_publisher":"https:\/\/www.facebook.com\/seattlespermdonor\/","article_modified_time":"2025-10-13T21:48:39+00:00","og_image":[{"width":600,"height":450,"url":"https:\/\/icelandspermbank.com\/wp-content\/uploads\/sites\/9\/2025\/09\/photo-man-shirt-blond_600.jpg","type":"image\/jpeg"}],"twitter_card":"summary_large_image","twitter_misc":{"Est. reading time":"2 minutes"},"schema":{"@context":"https:\/\/schema.org","@graph":[{"@type":"WebPage","@id":"https:\/\/icelandspermbank.com\/donor-perks\/","url":"https:\/\/icelandspermbank.com\/donor-perks\/","name":"Benefits Of Becoming A Sperm Donor","isPartOf":{"@id":"https:\/\/icelandspermbank.com\/#website"},"primaryImageOfPage":{"@id":"https:\/\/icelandspermbank.com\/donor-perks\/#primaryimage"},"image":{"@id":"https:\/\/icelandspermbank.com\/donor-perks\/#primaryimage"},"thumbnailUrl":"https:\/\/icelandspermbank.com\/wp-content\/uploads\/sites\/9\/2025\/09\/photo-man-shirt-blond_600.jpg","datePublished":"2021-04-30T04:39:34+00:00","dateModified":"2025-10-13T21:48:39+00:00","description":"\"Why Should I Donate Sperm? There are many benefits to becoming a sperm donor. From helping those in need start a family, to being financially compensated, you will make a difference.\"","breadcrumb":{"@id":"https:\/\/icelandspermbank.com\/donor-perks\/#breadcrumb"},"inLanguage":"is","potentialAction":[{"@type":"ReadAction","target":["https:\/\/icelandspermbank.com\/donor-perks\/"]}]},{"@type":"ImageObject","inLanguage":"is","@id":"https:\/\/icelandspermbank.com\/donor-perks\/#primaryimage","url":"https:\/\/icelandspermbank.com\/wp-content\/uploads\/sites\/9\/2025\/09\/photo-man-shirt-blond_600.jpg","contentUrl":"https:\/\/icelandspermbank.com\/wp-content\/uploads\/sites\/9\/2025\/09\/photo-man-shirt-blond_600.jpg"},{"@type":"BreadcrumbList","@id":"https:\/\/icelandspermbank.com\/donor-perks\/#breadcrumb","itemListElement":[{"@type":"ListItem","position":1,"name":"Home","item":"https:\/\/icelandspermbank.com\/"},{"@type":"ListItem","position":2,"name":"Donor Perks"}]},{"@type":"WebSite","@id":"https:\/\/icelandspermbank.com\/#website","url":"https:\/\/icelandspermbank.com\/","name":"Iceland Sperm Bank","description":"Become a Sperm Donor in Iceland","publisher":{"@id":"https:\/\/icelandspermbank.com\/#organization"},"potentialAction":[{"@type":"SearchAction","target":{"@type":"EntryPoint","urlTemplate":"https:\/\/icelandspermbank.com\/?s={search_term_string}"},"query-input":{"@type":"PropertyValueSpecification","valueRequired":true,"valueName":"search_term_string"}}],"inLanguage":"is"},{"@type":"Organization","@id":"https:\/\/icelandspermbank.com\/#organization","name":"Seattle Sperm Donor","url":"https:\/\/icelandspermbank.com\/","logo":{"@type":"ImageObject","inLanguage":"is","@id":"https:\/\/icelandspermbank.com\/#\/schema\/logo\/image\/","url":"https:\/\/icelandspermbank.com\/wp-content\/uploads\/sites\/9\/2021\/04\/logo-ssb.png","contentUrl":"https:\/\/icelandspermbank.com\/wp-content\/uploads\/sites\/9\/2021\/04\/logo-ssb.png","width":221,"height":96,"caption":"Seattle Sperm Donor"},"image":{"@id":"https:\/\/icelandspermbank.com\/#\/schema\/logo\/image\/"},"sameAs":["https:\/\/www.facebook.com\/seattlespermdonor\/","https:\/\/www.instagram.com\/seattlespermdonor\/"]}]}},"_links":{"self":[{"href":"https:\/\/icelandspermbank.com\/is\/wp-json\/wp\/v2\/pages\/4742","targetHints":{"allow":["GET"]}}],"collection":[{"href":"https:\/\/icelandspermbank.com\/is\/wp-json\/wp\/v2\/pages"}],"about":[{"href":"https:\/\/icelandspermbank.com\/is\/wp-json\/wp\/v2\/types\/page"}],"author":[{"embeddable":true,"href":"https:\/\/icelandspermbank.com\/is\/wp-json\/wp\/v2\/users\/6"}],"replies":[{"embeddable":true,"href":"https:\/\/icelandspermbank.com\/is\/wp-json\/wp\/v2\/comments?post=4742"}],"version-history":[{"count":55,"href":"https:\/\/icelandspermbank.com\/is\/wp-json\/wp\/v2\/pages\/4742\/revisions"}],"predecessor-version":[{"id":6309,"href":"https:\/\/icelandspermbank.com\/is\/wp-json\/wp\/v2\/pages\/4742\/revisions\/6309"}],"wp:attachment":[{"href":"https:\/\/icelandspermbank.com\/is\/wp-json\/wp\/v2\/media?parent=4742"}],"curies":[{"name":"wp","href":"https:\/\/api.w.org\/{rel}","templated":true}]}}